{"id":897,"date":"2024-09-09T16:17:36","date_gmt":"2024-09-09T16:17:36","guid":{"rendered":"https:\/\/zora-aurora.com\/?page_id=897"},"modified":"2025-02-05T08:31:32","modified_gmt":"2025-02-05T08:31:32","slug":"brezglutenski-kruhki-brez-kvasa","status":"publish","type":"page","link":"https:\/\/zora-aurora.com\/?page_id=897","title":{"rendered":"Brezglutenski kruhki brez kvasa"},"content":{"rendered":"<div id=\"recipe\"><\/div><div id=\"wprm-recipe-container-908\" class=\"wprm-recipe-container\" data-recipe-id=\"908\" data-servings=\"0\"><div class=\"wprm-recipe wprm-recipe-template-blend-in\"><div class=\"wprm-container-float-right\">\n    <div class=\"wprm-recipe-image wprm-block-image-normal\"><img loading=\"lazy\" decoding=\"async\" style=\"border-width: 0px;border-style: solid;border-color: #666666;\" width=\"150\" height=\"150\" src=\"https:\/\/zora-aurora.com\/wp-content\/uploads\/2024\/09\/2024-04-04-00.46.11-150x150.jpg\" class=\"attachment-150x150 size-150x150\" alt=\"\" srcset=\"https:\/\/zora-aurora.com\/wp-content\/uploads\/2024\/09\/2024-04-04-00.46.11-150x150.jpg 150w, https:\/\/zora-aurora.com\/wp-content\/uploads\/2024\/09\/2024-04-04-00.46.11-500x500.jpg 500w\" sizes=\"auto, (max-width: 150px) 100vw, 150px\" \/><\/div>\n<\/div>\n<div class=\"wprm-recipe-template-blend-in-name-stars-container\">\n\t<h2 class=\"wprm-recipe-name wprm-block-text-bold\">Brezglutenski kruhki brez kvasa<\/h2>\n\t\n<\/div>\n<div class=\"wprm-spacer\" style=\"height: 5px;\"><\/div>\n<a href=\"https:\/\/zora-aurora.com\/?wprm_print=brezglutenski-kruhki-brez-kvasa\" style=\"color: #333333;\" class=\"wprm-recipe-print wprm-recipe-link wprm-print-recipe-shortcode wprm-block-text-normal\" data-recipe-id=\"908\" data-template=\"\" target=\"_blank\" rel=\"nofollow\"><span class=\"wprm-recipe-icon wprm-recipe-print-icon\"><svg width=\"16px\" height=\"16px\" viewBox=\"0 0 24 24\" version=\"1.1\" xmlns=\"http:\/\/www.w3.org\/2000\/svg\" xmlns:xlink=\"http:\/\/www.w3.org\/1999\/xlink\"><g stroke=\"none\" stroke-width=\"1\" fill=\"none\" fill-rule=\"evenodd\"><g fill=\"#333333\"><g><path d=\"M17.5454,0.0005 C18.2904,0.0005 18.9004,0.6105 18.9004,1.3565 L18.9004,1.3565 L18.9004,4.9445 L21.9904,4.9445 C23.0954,4.9445 24.0004,5.8485 24.0004,6.9535 L24.0004,6.9535 L24.0004,17.2415 C24.0004,18.3465 23.0954,19.2505 21.9904,19.2505 L21.9904,19.2505 L19.8414,19.2505 L19.8414,22.2795 C19.8414,23.1725 19.1104,23.9035 18.2174,23.9035 L18.2174,23.9035 L5.7834,23.9035 C4.8894,23.9035 4.1594,23.1725 4.1594,22.2795 L4.1594,22.2795 L4.1594,19.2505 L2.0104,19.2505 C0.9044,19.2505 0.0004,18.3465 0.0004,17.2415 L0.0004,17.2415 L0.0004,6.9535 C0.0004,5.8485 0.9044,4.9445 2.0104,4.9445 L2.0104,4.9445 L5.0984,4.9445 L5.0984,1.3565 C5.0984,0.6105 5.7094,0.0005 6.4554,0.0005 L6.4554,0.0005 Z M17.8414,15.5975 L6.1594,15.5975 L6.1594,21.9035 L17.8414,21.9035 L17.8414,15.5975 Z M21.9904,6.9445 L2.0104,6.9445 L2.0004,17.2415 L4.1594,17.2425 L4.1594,15.2215 C4.1594,14.3285 4.8894,13.5975 5.7834,13.5975 L5.7834,13.5975 L18.2174,13.5975 C19.1104,13.5975 19.8414,14.3285 19.8414,15.2215 L19.8414,15.2215 L19.8414,17.2495 L21.9904,17.2505 L22.0004,6.9535 L21.9904,6.9445 Z M6.1632,9.1318 C6.7902,9.1318 7.2992,9.6408 7.2992,10.2678 C7.2992,10.8948 6.7902,11.4028 6.1632,11.4028 L6.1632,11.4028 L5.0992,11.4028 C4.4722,11.4028 3.9632,10.8948 3.9632,10.2678 C3.9632,9.6408 4.4722,9.1318 5.0992,9.1318 L5.0992,9.1318 Z M16.6304,2.2715 L7.3704,2.2715 L7.3704,4.6845 L16.6304,4.6845 L16.6304,2.2715 Z\"><\/path><\/g><\/g><\/g><\/svg><\/span> Print Recipe<\/a> \n<div class=\"wprm-spacer\"><\/div>\n<div class=\"wprm-recipe-summary wprm-block-text-normal\"><span style=\"display: block;\">Preprosti brezglutenski kruhki brez kvasa s semeni, ki so gotovi v pol ure.<\/span><\/div>\n<div class=\"wprm-spacer\"><\/div>\n<div class=\"wprm-recipe-meta-container wprm-recipe-tags-container wprm-recipe-details-container wprm-recipe-details-container-inline wprm-block-text-normal\" style=\"\"><div class=\"wprm-recipe-block-container wprm-recipe-block-container-inline wprm-block-text-normal wprm-recipe-tag-container wprm-recipe-course-container\" style=\"\"><span class=\"wprm-recipe-details-label wprm-block-text-bold wprm-recipe-tag-label wprm-recipe-course-label\">Course <\/span><span class=\"wprm-recipe-course wprm-block-text-normal\">Side Dish, Snack<\/span><\/div><\/div>\n<div class=\"wprm-recipe-meta-container wprm-recipe-times-container wprm-recipe-details-container wprm-recipe-details-container-inline wprm-block-text-normal\" style=\"\"><div class=\"wprm-recipe-block-container wprm-recipe-block-container-inline wprm-block-text-normal wprm-recipe-time-container wprm-recipe-prep-time-container\" style=\"\"><span class=\"wprm-recipe-details-label wprm-block-text-bold wprm-recipe-time-label wprm-recipe-prep-time-label\">Prep Time <\/span><span class=\"wprm-recipe-time wprm-block-text-normal\"><span class=\"wprm-recipe-details wprm-recipe-details-minutes wprm-recipe-prep_time wprm-recipe-prep_time-minutes\">15<span class=\"sr-only screen-reader-text wprm-screen-reader-text\"> minutes<\/span><\/span> <span class=\"wprm-recipe-details-unit wprm-recipe-details-minutes wprm-recipe-prep_time-unit wprm-recipe-prep_timeunit-minutes\" aria-hidden=\"true\">mins<\/span><\/span><\/div><div class=\"wprm-recipe-block-container wprm-recipe-block-container-inline wprm-block-text-normal wprm-recipe-time-container wprm-recipe-cook-time-container\" style=\"\"><span class=\"wprm-recipe-details-label wprm-block-text-bold wprm-recipe-time-label wprm-recipe-cook-time-label\">Cook Time <\/span><span class=\"wprm-recipe-time wprm-block-text-normal\"><span class=\"wprm-recipe-details wprm-recipe-details-minutes wprm-recipe-cook_time wprm-recipe-cook_time-minutes\">20<span class=\"sr-only screen-reader-text wprm-screen-reader-text\"> minutes<\/span><\/span> <span class=\"wprm-recipe-details-unit wprm-recipe-details-minutes wprm-recipe-cook_time-unit wprm-recipe-cook_timeunit-minutes\" aria-hidden=\"true\">mins<\/span><\/span><\/div><\/div>\n\n<div class=\"wprm-spacer\"><\/div>\n\n<div id=\"recipe-908-ingredients\" class=\"wprm-recipe-ingredients-container wprm-recipe-908-ingredients-container wprm-block-text-normal wprm-ingredient-style-regular wprm-recipe-images-before\" data-recipe=\"908\" data-servings=\"0\"><h3 class=\"wprm-recipe-header wprm-recipe-ingredients-header wprm-block-text-bold wprm-align-left wprm-header-decoration-none\" style=\"\">Ingredients<\/h3><div class=\"wprm-recipe-ingredient-group\"><ul class=\"wprm-recipe-ingredients\"><li class=\"wprm-recipe-ingredient\" style=\"list-style-type: disc;\" data-uid=\"6\"><span class=\"wprm-recipe-ingredient-amount\">3<\/span>&#32;<span class=\"wprm-recipe-ingredient-unit\">jedilna \u017elica<\/span>&#32;<span class=\"wprm-recipe-ingredient-name\">Olivno olje<\/span><\/li><li class=\"wprm-recipe-ingredient\" style=\"list-style-type: disc;\" data-uid=\"7\"><span class=\"wprm-recipe-ingredient-amount\">200-250<\/span>&#32;<span class=\"wprm-recipe-ingredient-unit\">ml<\/span>&#32;<span class=\"wprm-recipe-ingredient-name\">Mineralna voda<\/span><\/li><\/ul><\/div><div class=\"wprm-recipe-ingredient-group\"><h4 class=\"wprm-recipe-group-name wprm-recipe-ingredient-group-name wprm-block-text-bold\">Sluzasta zmes<\/h4><ul class=\"wprm-recipe-ingredients\"><li class=\"wprm-recipe-ingredient\" style=\"list-style-type: disc;\" data-uid=\"9\"><span class=\"wprm-recipe-ingredient-amount\">50<\/span>&#32;<span class=\"wprm-recipe-ingredient-unit\">g<\/span>&#32;<span class=\"wprm-recipe-ingredient-name\">Lanena semena<\/span>&#32;<span class=\"wprm-recipe-ingredient-notes wprm-recipe-ingredient-notes-faded\">drobljena ali cela<\/span><\/li><li class=\"wprm-recipe-ingredient\" style=\"list-style-type: disc;\" data-uid=\"10\"><span class=\"wprm-recipe-ingredient-amount\">20<\/span>&#32;<span class=\"wprm-recipe-ingredient-unit\">g<\/span>&#32;<span class=\"wprm-recipe-ingredient-name\">\u010cia semena<\/span><\/li><li class=\"wprm-recipe-ingredient\" style=\"list-style-type: disc;\" data-uid=\"11\"><span class=\"wprm-recipe-ingredient-amount\">150<\/span>&#32;<span class=\"wprm-recipe-ingredient-unit\">ml<\/span>&#32;<span class=\"wprm-recipe-ingredient-name\">Teko\u010dina<\/span>&#32;<span class=\"wprm-recipe-ingredient-notes wprm-recipe-ingredient-notes-faded\">Rastlinski napitek\/mleko ali voda<\/span><\/li><\/ul><\/div><div class=\"wprm-recipe-ingredient-group\"><h4 class=\"wprm-recipe-group-name wprm-recipe-ingredient-group-name wprm-block-text-bold\">Suha me\u0161anica<\/h4><ul class=\"wprm-recipe-ingredients\"><li class=\"wprm-recipe-ingredient\" style=\"list-style-type: disc;\" data-uid=\"0\"><span class=\"wprm-recipe-ingredient-amount\">220<\/span>&#32;<span class=\"wprm-recipe-ingredient-unit\">g<\/span>&#32;<span class=\"wprm-recipe-ingredient-name\">Brezglutenska moka<\/span>&#32;<span class=\"wprm-recipe-ingredient-notes wprm-recipe-ingredient-notes-faded\">ovsena, ajdova, prosena, bu\u010dna, \u010di\u010derikina, ipd.<\/span><\/li><li class=\"wprm-recipe-ingredient\" style=\"list-style-type: disc;\" data-uid=\"1\"><span class=\"wprm-recipe-ingredient-amount\">50-100<\/span>&#32;<span class=\"wprm-recipe-ingredient-unit\">g<\/span>&#32;<span class=\"wprm-recipe-ingredient-name\">Semena<\/span>&#32;<span class=\"wprm-recipe-ingredient-notes wprm-recipe-ingredient-notes-faded\">bu\u010dna, son\u010dni\u010dna, ovseni kosmi\u010di, sezamova, konopljina, ipd.<\/span><\/li><li class=\"wprm-recipe-ingredient\" style=\"list-style-type: disc;\" data-uid=\"2\"><span class=\"wprm-recipe-ingredient-amount\">1-2<\/span>&#32;<span class=\"wprm-recipe-ingredient-unit\">jedilna \u017elica<\/span>&#32;<span class=\"wprm-recipe-ingredient-name\">Za\u010dimbna ze\u010di\u0161\u010da<\/span>&#32;<span class=\"wprm-recipe-ingredient-notes wprm-recipe-ingredient-notes-faded\">ro\u017emarin, timijan, origano, \u0161etraj&#8230;<\/span><\/li><li class=\"wprm-recipe-ingredient\" style=\"list-style-type: disc;\" data-uid=\"3\"><span class=\"wprm-recipe-ingredient-amount\">5-10<\/span>&#32;<span class=\"wprm-recipe-ingredient-unit\">g<\/span>&#32;<span class=\"wprm-recipe-ingredient-name\">\u010cesen v prahu<\/span>&#32;<span class=\"wprm-recipe-ingredient-notes wprm-recipe-ingredient-notes-faded\">ali 1-2 stroka sve\u017eega stisnjenega<\/span><\/li><li class=\"wprm-recipe-ingredient\" style=\"list-style-type: disc;\" data-uid=\"4\"><span class=\"wprm-recipe-ingredient-amount\">8<\/span>&#32;<span class=\"wprm-recipe-ingredient-unit\">g<\/span>&#32;<span class=\"wprm-recipe-ingredient-name\">Soda bikarbona<\/span><\/li><li class=\"wprm-recipe-ingredient\" style=\"list-style-type: disc;\" data-uid=\"5\"><span class=\"wprm-recipe-ingredient-amount\">10<\/span>&#32;<span class=\"wprm-recipe-ingredient-unit\">g<\/span>&#32;<span class=\"wprm-recipe-ingredient-name\">Sol<\/span><\/li><\/ul><\/div><\/div>\n<div id=\"recipe-908-instructions\" class=\"wprm-recipe-instructions-container wprm-recipe-908-instructions-container wprm-block-text-normal\" data-recipe=\"908\"><h3 class=\"wprm-recipe-header wprm-recipe-instructions-header wprm-block-text-bold wprm-align-left wprm-header-decoration-none\" style=\"\">Instructions<\/h3><div class=\"wprm-recipe-instruction-group\"><ul class=\"wprm-recipe-instructions\"><li id=\"wprm-recipe-908-step-0-0\" class=\"wprm-recipe-instruction\" style=\"list-style-type: decimal;\"><div class=\"wprm-recipe-instruction-text\" style=\"margin-bottom: 5px;\"><span style=\"display: block;\">Naredimo sluzasto me\u0161anico, da zme\u0161amo \u010dia, lanena semena in teko\u010dino ter pustimo stati pribli\u017eno 15 min.<\/span><\/div><\/li><li id=\"wprm-recipe-908-step-0-1\" class=\"wprm-recipe-instruction\" style=\"list-style-type: decimal;\"><div class=\"wprm-recipe-instruction-text\" style=\"margin-bottom: 5px;\"><span style=\"display: block;\">V drugi posodi dobro zme\u0161amo suhe sestavine, po potrebi jih presejemo. Prime\u0161amo sluzasto me\u0161anico ter zalijemo z mineralno vodo ter oljem. Vodo dodajamo postopoma dokler zmes ne postane packasta, a ne teko\u010da.<\/span><\/div><div class=\"wprm-recipe-instruction-media wprm-recipe-instruction-image\"><img loading=\"lazy\" decoding=\"async\" width=\"300\" height=\"225\" src=\"https:\/\/zora-aurora.com\/wp-content\/uploads\/2024\/09\/2024-04-03-22.53.09-300x225.jpg\" class=\"attachment-medium size-medium\" alt=\"\" srcset=\"https:\/\/zora-aurora.com\/wp-content\/uploads\/2024\/09\/2024-04-03-22.53.09-300x225.jpg 300w, https:\/\/zora-aurora.com\/wp-content\/uploads\/2024\/09\/2024-04-03-22.53.09-1024x768.jpg 1024w, https:\/\/zora-aurora.com\/wp-content\/uploads\/2024\/09\/2024-04-03-22.53.09-768x576.jpg 768w, https:\/\/zora-aurora.com\/wp-content\/uploads\/2024\/09\/2024-04-03-22.53.09-1536x1152.jpg 1536w, https:\/\/zora-aurora.com\/wp-content\/uploads\/2024\/09\/2024-04-03-22.53.09-2048x1536.jpg 2048w, https:\/\/zora-aurora.com\/wp-content\/uploads\/2024\/09\/2024-04-03-22.53.09-500x375.jpg 500w\" sizes=\"auto, (max-width: 300px) 100vw, 300px\" \/><\/div> <\/li><li id=\"wprm-recipe-908-step-0-2\" class=\"wprm-recipe-instruction\" style=\"list-style-type: decimal;\"><div class=\"wprm-recipe-instruction-text\" style=\"margin-bottom: 5px;\"><span style=\"display: block;\">Na nama\u0161\u010den peki papir oblikujemo kruhke premera 7cm ali zmes nadevamo v model\u010dke za muffine. Pe\u010demo na 180 stopinj, 20-25 min. Lahko spe\u010demo kot kruh, a moramo prilagoditi \u010das pe\u010denja.<\/span><\/div><div class=\"wprm-recipe-instruction-media wprm-recipe-instruction-image\"><img loading=\"lazy\" decoding=\"async\" width=\"300\" height=\"225\" src=\"https:\/\/zora-aurora.com\/wp-content\/uploads\/2024\/09\/2024-04-04-00.45.41-300x225.jpg\" class=\"attachment-medium size-medium\" alt=\"\" srcset=\"https:\/\/zora-aurora.com\/wp-content\/uploads\/2024\/09\/2024-04-04-00.45.41-300x225.jpg 300w, https:\/\/zora-aurora.com\/wp-content\/uploads\/2024\/09\/2024-04-04-00.45.41-1024x768.jpg 1024w, https:\/\/zora-aurora.com\/wp-content\/uploads\/2024\/09\/2024-04-04-00.45.41-768x576.jpg 768w, https:\/\/zora-aurora.com\/wp-content\/uploads\/2024\/09\/2024-04-04-00.45.41-1536x1152.jpg 1536w, https:\/\/zora-aurora.com\/wp-content\/uploads\/2024\/09\/2024-04-04-00.45.41-2048x1536.jpg 2048w, https:\/\/zora-aurora.com\/wp-content\/uploads\/2024\/09\/2024-04-04-00.45.41-500x375.jpg 500w\" sizes=\"auto, (max-width: 300px) 100vw, 300px\" \/><\/div> <\/li><\/ul><\/div><\/div>\n<div id=\"recipe-video\"><\/div>\n<div id=\"recipe-908-notes\" class=\"wprm-recipe-notes-container wprm-block-text-normal\"><h3 class=\"wprm-recipe-header wprm-recipe-notes-header wprm-block-text-bold wprm-align-left wprm-header-decoration-none\" style=\"\">Notes<\/h3><div class=\"wprm-recipe-notes\"><span style=\"display: block;\">Najbolj\u0161i po mojem okusu je kruhek iz me\u0161anice bu\u010dne ter lanene moke z ro\u017emarinom in veliko \u010desna.<\/span><\/div><\/div>\n<\/div><\/div>\n\n\n<h4 class=\"wp-block-heading\">Komentarji<\/h4>\n","protected":false},"excerpt":{"rendered":"<p>Komentarji<\/p>\n","protected":false},"author":1,"featured_media":0,"parent":0,"menu_order":0,"comment_status":"open","ping_status":"closed","template":"","meta":{"om_disable_all_campaigns":false,"wprm-recipe-roundup-name":"","wprm-recipe-roundup-description":"","_monsterinsights_skip_tracking":false,"_monsterinsights_sitenote_active":false,"_monsterinsights_sitenote_note":"","_monsterinsights_sitenote_category":0,"footnotes":""},"class_list":["post-897","page","type-page","status-publish","hentry"],"_links":{"self":[{"href":"https:\/\/zora-aurora.com\/index.php?rest_route=\/wp\/v2\/pages\/897","targetHints":{"allow":["GET"]}}],"collection":[{"href":"https:\/\/zora-aurora.com\/index.php?rest_route=\/wp\/v2\/pages"}],"about":[{"href":"https:\/\/zora-aurora.com\/index.php?rest_route=\/wp\/v2\/types\/page"}],"author":[{"embeddable":true,"href":"https:\/\/zora-aurora.com\/index.php?rest_route=\/wp\/v2\/users\/1"}],"replies":[{"embeddable":true,"href":"https:\/\/zora-aurora.com\/index.php?rest_route=%2Fwp%2Fv2%2Fcomments&post=897"}],"version-history":[{"count":5,"href":"https:\/\/zora-aurora.com\/index.php?rest_route=\/wp\/v2\/pages\/897\/revisions"}],"predecessor-version":[{"id":1174,"href":"https:\/\/zora-aurora.com\/index.php?rest_route=\/wp\/v2\/pages\/897\/revisions\/1174"}],"wp:attachment":[{"href":"https:\/\/zora-aurora.com\/index.php?rest_route=%2Fwp%2Fv2%2Fmedia&parent=897"}],"curies":[{"name":"wp","href":"https:\/\/api.w.org\/{rel}","templated":true}]}}