{"id":889,"date":"2024-09-09T16:10:48","date_gmt":"2024-09-09T16:10:48","guid":{"rendered":"https:\/\/zora-aurora.com\/?page_id=889"},"modified":"2024-10-02T15:51:23","modified_gmt":"2024-10-02T15:51:23","slug":"prehrana","status":"publish","type":"page","link":"https:\/\/zora-aurora.com\/?page_id=889","title":{"rendered":"Prehrana"},"content":{"rendered":"\n<p class=\"\">Zaradi splo\u0161nega slabega po\u010dutja in pomanjkanja energije sem se 2023 odlo\u010dila spremeniti prehrano. Pre\u0161la sem na alkalno dieto, o kateri sem \u017ee ve\u010d let razmi\u0161ljala vendar se je \u0161e nisem imela volje lotiti. <\/p>\n\n\n\n<p class=\"\">V primerjavi z mojimi predhodnimi prehranjevalnimi navadami je bila kot dan in no\u010d. Ve\u010dina ljudi po\u010dasi in postopno prehaja na to vrsto diete, a jaz sem se odlo\u010dila za vse ali ni\u010d. To na kratko pomeni 80% prehrane brez: mesa, \u017eivalnskih proizvodov, glutena, kvasa, kisa, sladkarij, sadja, alkohola&#8230; Od za\u010detka je bilo te\u017eko, saj nisem nikoli pretirano marala kuhane zelenjave, obo\u017eevala sem pa kruh, sir, sladkarije&#8230;  Kaj sploh lahko jem! <\/p>\n\n\n\n<p class=\"\">Na\u0161la sem nekaj jedi, ki so mi bile okusne in sem se jih dr\u017eala kot klop&#8230; Na novo sem se mogla nau\u010diti kuhati. A s \u010dasoma sem ugotovila kako uporabljati bolj zdrave sestavine kot so \u010di\u010derika, le\u010da, oves, kokosovi proizvodi&#8230; Po 14 dneh stroge diete sem se za\u010dela tako dobro po\u010dutitit, da sem za\u010dela prazniti omare starih sestavin in hrane, ki sem jo &#8220;prerasla&#8221;.<\/p>\n\n\n\n<p class=\"\">Povratek energije in bolj\u0161e po\u010dutje ni bila edina prednost te diete. V pol leta sem izgubila 10 kg odve\u010dnih kilogramov brez, da bi se postila ali pove\u010dala fizi\u010dno aktivnost. Pred dieto si nisem mislila, da mi bodo obla\u010dila iz srednje\u0161olskih let \u0161e kdaj prav.<br><\/p>\n\n\n\n<p class=\"\">Zdrava prehrana je lahko tudi zelo okusna. Velik razlog zakaj se je ljudje ne lotijo je, ker verjamejo, da ni dobrega okusa. Ampak temu ne rabi biti tako. Rada jem dobro zato stalno testiram in prirejam nove recepte. Zbrala in objavila sem moje najljub\u0161e <a href=\"https:\/\/zora-aurora.com\/?page_id=890\" data-type=\"page\" data-id=\"890\"><strong>recepte<\/strong><\/a>, da bi \u0161e komu pribli\u017eala ta na\u010din prehrana.<\/p>\n\n\n\n<p class=\"\">Na vsake toliko dieto tudi predstavim na delavnici: <a href=\"https:\/\/zora-aurora.com\/?page_id=675\" data-type=\"page\" data-id=\"675\">Harmonija skozi prehrano z alkalno dieto<\/a>.<\/p>\n\n\n\n<p class=\"\"><\/p>\n","protected":false},"excerpt":{"rendered":"<p>Zaradi splo\u0161nega slabega po\u010dutja in pomanjkanja energije sem se 2023 odlo\u010dila spremeniti prehrano. Pre\u0161la sem na alkalno dieto, o kateri sem \u017ee ve\u010d let razmi\u0161ljala vendar se je \u0161e nisem imela volje lotiti. V primerjavi z mojimi predhodnimi prehranjevalnimi navadami je bila kot dan in no\u010d. Ve\u010dina ljudi po\u010dasi in postopno prehaja na to vrsto [&hellip;]<\/p>\n","protected":false},"author":1,"featured_media":0,"parent":0,"menu_order":0,"comment_status":"closed","ping_status":"closed","template":"","meta":{"om_disable_all_campaigns":false,"wprm-recipe-roundup-name":"","wprm-recipe-roundup-description":"","_monsterinsights_skip_tracking":false,"_monsterinsights_sitenote_active":false,"_monsterinsights_sitenote_note":"","_monsterinsights_sitenote_category":0,"footnotes":""},"class_list":["post-889","page","type-page","status-publish","hentry"],"_links":{"self":[{"href":"https:\/\/zora-aurora.com\/index.php?rest_route=\/wp\/v2\/pages\/889","targetHints":{"allow":["GET"]}}],"collection":[{"href":"https:\/\/zora-aurora.com\/index.php?rest_route=\/wp\/v2\/pages"}],"about":[{"href":"https:\/\/zora-aurora.com\/index.php?rest_route=\/wp\/v2\/types\/page"}],"author":[{"embeddable":true,"href":"https:\/\/zora-aurora.com\/index.php?rest_route=\/wp\/v2\/users\/1"}],"replies":[{"embeddable":true,"href":"https:\/\/zora-aurora.com\/index.php?rest_route=%2Fwp%2Fv2%2Fcomments&post=889"}],"version-history":[{"count":4,"href":"https:\/\/zora-aurora.com\/index.php?rest_route=\/wp\/v2\/pages\/889\/revisions"}],"predecessor-version":[{"id":988,"href":"https:\/\/zora-aurora.com\/index.php?rest_route=\/wp\/v2\/pages\/889\/revisions\/988"}],"wp:attachment":[{"href":"https:\/\/zora-aurora.com\/index.php?rest_route=%2Fwp%2Fv2%2Fmedia&parent=889"}],"curies":[{"name":"wp","href":"https:\/\/api.w.org\/{rel}","templated":true}]}}