{"id":75,"date":"2022-10-24T13:44:12","date_gmt":"2022-10-24T13:44:12","guid":{"rendered":"https:\/\/zora-aurora.com\/?page_id=75"},"modified":"2025-07-28T14:54:52","modified_gmt":"2025-07-28T14:54:52","slug":"izdelava-obrednega-bobna","status":"publish","type":"page","link":"https:\/\/zora-aurora.com\/?page_id=75","title":{"rendered":"Izdelava obrednega bobna"},"content":{"rendered":"\n<figure class=\"wp-block-image size-large\"><img loading=\"lazy\" decoding=\"async\" width=\"1024\" height=\"773\" src=\"https:\/\/zora-aurora.com\/wp-content\/uploads\/2023\/03\/FB_IMG_1663223095299-1024x773.jpg\" alt=\"\" class=\"wp-image-224\" srcset=\"https:\/\/zora-aurora.com\/wp-content\/uploads\/2023\/03\/FB_IMG_1663223095299-1024x773.jpg 1024w, https:\/\/zora-aurora.com\/wp-content\/uploads\/2023\/03\/FB_IMG_1663223095299-300x226.jpg 300w, https:\/\/zora-aurora.com\/wp-content\/uploads\/2023\/03\/FB_IMG_1663223095299-768x580.jpg 768w, https:\/\/zora-aurora.com\/wp-content\/uploads\/2023\/03\/FB_IMG_1663223095299.jpg 1080w\" sizes=\"auto, (max-width: 1024px) 100vw, 1024px\" \/><\/figure>\n\n\n\n<p>Obredni boben je eno od najpomembnej\u0161ih orodij v \u0161amanski praksi. Ta boben je vodnik, u\u010ditelj in prijatelj. Mo\u017enost izdelati si svoj boben pod strokovnim vodstvom je neprecenljiva, predvsem pa intimna izku\u0161nja, saj se pod na\u0161imi lastnimi rokami rodi boben, ki bo na\u0161 sopotnik in pomo\u010dnik na na\u0161i duhovni poti.<\/p>\n\n\n\n<p><strong>Kaj vklju\u010duje delavnica<\/strong><\/p>\n\n\n\n<p>Na delavnici izdelate svoj unikaten obredni boben, ki ga seveda odnesete domov in je po parih dneh (ko se posu\u0161i), rojen in pripravljen na delo in raziskovanje. Na delavnici prejmete ves material potreben za izdelavo bobna in udarjalko. Priskrbimo tudi vso potrebno orodje.<\/p>\n\n\n\n<p>Delavnica vklju\u010duje slede\u010d material:<\/p>\n\n\n\n<ul class=\"wp-block-list\">\n<li>lesen obro\u010d: izberete si svojo velikosti glede na to kako velik boben \u017eelite &#8211; 35,5 cm \/ 40 cm \/ 45,5 cm<\/li>\n\n\n\n<li>izbrana naravna ko\u017ea: nobena \u017eival ni bila ubita z namenom izdelave bobna, vse ko\u017ee so reciklirane in bi sicer pristale neuporabljene kot odpad; s hvale\u017enostjo v srcu se ko\u017ee uporabi za izdelavo bobna in tako izka\u017eemo spo\u0161tovanje do darovanega \u017eivljenja<\/li>\n\n\n\n<li>narezani trakovi iz ko\u017ee za vezanje bobna,<\/li>\n\n\n\n<li>palica za udarjalko iz gozda (ali \u017ee izdelana z dopla\u010dilom 25 \u20ac),<\/li>\n\n\n\n<li>strokovno vodenje tekom celotnega procesa izdelave bobna<\/li>\n<\/ul>\n\n\n\n<div class=\"wp-block-columns is-layout-flex wp-container-core-columns-is-layout-28f84493 wp-block-columns-is-layout-flex\">\n<div class=\"wp-block-column is-layout-flow wp-block-column-is-layout-flow\">\n<figure class=\"wp-block-image size-full\"><img loading=\"lazy\" decoding=\"async\" width=\"684\" height=\"912\" src=\"https:\/\/zora-aurora.com\/wp-content\/uploads\/2023\/04\/336668713_955400375816427_2481666408220637263_n-1.jpg\" alt=\"\" class=\"wp-image-369\" srcset=\"https:\/\/zora-aurora.com\/wp-content\/uploads\/2023\/04\/336668713_955400375816427_2481666408220637263_n-1.jpg 684w, https:\/\/zora-aurora.com\/wp-content\/uploads\/2023\/04\/336668713_955400375816427_2481666408220637263_n-1-225x300.jpg 225w\" sizes=\"auto, (max-width: 684px) 100vw, 684px\" \/><\/figure>\n<\/div>\n\n\n\n<div class=\"wp-block-column is-layout-flow wp-block-column-is-layout-flow\">\n<figure class=\"wp-block-image size-full\"><img loading=\"lazy\" decoding=\"async\" width=\"684\" height=\"912\" src=\"https:\/\/zora-aurora.com\/wp-content\/uploads\/2023\/04\/333674904_5611470838979690_1826459821220811829_n.jpg\" alt=\"\" class=\"wp-image-370\" srcset=\"https:\/\/zora-aurora.com\/wp-content\/uploads\/2023\/04\/333674904_5611470838979690_1826459821220811829_n.jpg 684w, https:\/\/zora-aurora.com\/wp-content\/uploads\/2023\/04\/333674904_5611470838979690_1826459821220811829_n-225x300.jpg 225w\" sizes=\"auto, (max-width: 684px) 100vw, 684px\" \/><\/figure>\n<\/div>\n<\/div>\n\n\n\n<p><strong>Trajanje delavnice<\/strong><\/p>\n\n\n\n<p>Cel dan \u2013 8 do 10 ur, vmes je odmor za kosilo, ki ga prinese\u0161 s seboj ali naro\u010di\u0161 pri gostitelju. Delavnica ima fleksibilen urnik in si vmes vsak po potrebi vzame kraj\u0161e odmore.<\/p>\n\n\n\n<p><strong>Kdaj si lahko izdelam svoj boben<\/strong><\/p>\n\n\n\n<p>Nekajkrat na leto imamo razpisane <strong>delavnice<\/strong> (do najve\u010d 4 osebe na delavnici). Lahko nas pa kontaktirate za <strong>individualno delavnico <\/strong>izdelave svojega bobna (mail spodaj).<\/p>\n\n\n\n<figure class=\"wp-block-image size-large\"><img loading=\"lazy\" decoding=\"async\" width=\"1024\" height=\"768\" src=\"https:\/\/zora-aurora.com\/wp-content\/uploads\/2023\/03\/291987129_1693744527674609_815814303103113913_n-1024x768.jpg\" alt=\"\" class=\"wp-image-223\" srcset=\"https:\/\/zora-aurora.com\/wp-content\/uploads\/2023\/03\/291987129_1693744527674609_815814303103113913_n-1024x768.jpg 1024w, https:\/\/zora-aurora.com\/wp-content\/uploads\/2023\/03\/291987129_1693744527674609_815814303103113913_n-300x225.jpg 300w, https:\/\/zora-aurora.com\/wp-content\/uploads\/2023\/03\/291987129_1693744527674609_815814303103113913_n-768x576.jpg 768w, https:\/\/zora-aurora.com\/wp-content\/uploads\/2023\/03\/291987129_1693744527674609_815814303103113913_n-1536x1152.jpg 1536w, https:\/\/zora-aurora.com\/wp-content\/uploads\/2023\/03\/291987129_1693744527674609_815814303103113913_n.jpg 1734w\" sizes=\"auto, (max-width: 1024px) 100vw, 1024px\" \/><\/figure>\n\n\n\n<p><strong>Priprava na delavnico<\/strong><\/p>\n\n\n\n<p>Proces izdelave bobna je energetsko zelo mo\u010den in obenem tudi zdravljenje. Pomembno je da pridete psihofizi\u010dno in energijsko pripravljeni na proces izdelave bobna. Na sami delavnici je pomembno, da se ohranja namera in pozornost na energijo, ki je vlo\u017eena v izdelavno bobna, ne glede na osebne procese, ki se lahko odprejo. Kar vlo\u017eimo v boben, bo boben prena\u0161al v svet. Predlagam vam, da je va\u0161 namen predvsem ustvarjati in ohranjati ravnovesje tako znotraj kot v vsem kar te obdaja.<\/p>\n\n\n\n<p><strong>Kako poteka delavnica in obred<\/strong> <\/p>\n\n\n\n<p>Na delavnici se najprej razlo\u017ei postopek celotne izdelave bobna. Razlo\u017ei se tudi pomen obrednega bobna v sami praksi in uporabi. Naredi se obred, otvoritvena ceremonija, ceremonija prekajevanja in otvoritev svetega prostora, ki nas spremlja do zaklju\u010dka delavnice. Nato se lotimo izdelave bobna. Delavnica se razvija spontano, glede na skupino in energijo skupine.<\/p>\n\n\n\n<p><strong>Lokacija:<\/strong> Dobrovlje pri Mozirju<\/p>\n\n\n\n<p><strong>Datum:<\/strong> 7. in 21.8.2025 od 10h do 17h<\/p>\n\n\n\n<p><strong>Voditelj delavnice:<\/strong> Klemen<\/p>\n\n\n\n<div class=\"wp-block-columns is-layout-flex wp-container-core-columns-is-layout-28f84493 wp-block-columns-is-layout-flex\">\n<div class=\"wp-block-column is-layout-flow wp-block-column-is-layout-flow\">\n<figure class=\"wp-block-image size-full\"><img loading=\"lazy\" decoding=\"async\" width=\"720\" height=\"960\" src=\"https:\/\/zora-aurora.com\/wp-content\/uploads\/2023\/03\/FB_IMG_1663310440951.jpg\" alt=\"\" class=\"wp-image-225\" srcset=\"https:\/\/zora-aurora.com\/wp-content\/uploads\/2023\/03\/FB_IMG_1663310440951.jpg 720w, https:\/\/zora-aurora.com\/wp-content\/uploads\/2023\/03\/FB_IMG_1663310440951-225x300.jpg 225w\" sizes=\"auto, (max-width: 720px) 100vw, 720px\" \/><\/figure>\n<\/div>\n\n\n\n<div class=\"wp-block-column is-layout-flow wp-block-column-is-layout-flow\">\n<figure class=\"wp-block-image size-full\"><img loading=\"lazy\" decoding=\"async\" width=\"720\" height=\"960\" src=\"https:\/\/zora-aurora.com\/wp-content\/uploads\/2022\/08\/303656989_1182374122612573_2166132787726297635_n.jpg\" alt=\"\" class=\"wp-image-30\" srcset=\"https:\/\/zora-aurora.com\/wp-content\/uploads\/2022\/08\/303656989_1182374122612573_2166132787726297635_n.jpg 720w, https:\/\/zora-aurora.com\/wp-content\/uploads\/2022\/08\/303656989_1182374122612573_2166132787726297635_n-225x300.jpg 225w\" sizes=\"auto, (max-width: 720px) 100vw, 720px\" \/><\/figure>\n<\/div>\n<\/div>\n\n\n\n<p><strong>Cena<\/strong><\/p>\n\n\n\n<p>Cena delavnice je odvisna od izbrane velikosti bobna, oblike obro\u010da in tipa ko\u017ee. Cene se gibljejo od 170 \u20ac do 600 \u20ac. Dodatni stro\u0161ek za hrano 10 \u20ac.<\/p>\n\n\n\n<p><strong>Kaj potrebujem s sabo<\/strong><\/p>\n\n\n\n<p>Predhodno si je potrebno poiskati in pripraviti palico, katero bomo na delavnici oblikovali v udarjalko za boben. V kolikor \u017eelite palico okrasiti z kak\u0161nim kristalom ali dodatkom, lahko tudi prinesete s seboj. <\/p>\n\n\n\n<p><strong>Prijava<\/strong><\/p>\n\n\n\n<p>Ob prijavi se pla\u010da akontacija 50 \u20ac, ostali znesek se poravna na delavnici.<\/p>\n\n\n\n<p>Prijava je odprta z objavo in se zapre dva dni pred delavnico, saj mora mentor pripraviti material za va\u0161 boben.<\/p>\n\n\n\n<p>Aho za vse na\u0161e odnose,<\/p>\n\n\n\n<p>Klemen<\/p>\n\n\n\n<p><strong>Kontakt za prijave:<\/strong> Ognjana (<a href=\"mailto:marta.veder@gmail.com\">marta.veder@gmail.com<\/a>)<\/p>\n\n\n\n<p><strong>Kontakt za ve\u010d informacij glede bobnov in delavnice:<\/strong> Klemen (070 289 345, <a href=\"mailto:ro.klemen@gmail.com\">ro.klemen@gmail.com<\/a>)<\/p>\n\n\n\n<div class=\"wp-block-columns is-layout-flex wp-container-core-columns-is-layout-28f84493 wp-block-columns-is-layout-flex\">\n<div class=\"wp-block-column is-layout-flow wp-block-column-is-layout-flow\">\n<figure class=\"wp-block-image size-large\"><img loading=\"lazy\" decoding=\"async\" width=\"577\" height=\"1024\" src=\"https:\/\/zora-aurora.com\/wp-content\/uploads\/2023\/03\/2021-07-21-17.54.42-577x1024.jpg\" alt=\"\" class=\"wp-image-227\" srcset=\"https:\/\/zora-aurora.com\/wp-content\/uploads\/2023\/03\/2021-07-21-17.54.42-577x1024.jpg 577w, https:\/\/zora-aurora.com\/wp-content\/uploads\/2023\/03\/2021-07-21-17.54.42-169x300.jpg 169w, https:\/\/zora-aurora.com\/wp-content\/uploads\/2023\/03\/2021-07-21-17.54.42-768x1364.jpg 768w, https:\/\/zora-aurora.com\/wp-content\/uploads\/2023\/03\/2021-07-21-17.54.42-865x1536.jpg 865w, https:\/\/zora-aurora.com\/wp-content\/uploads\/2023\/03\/2021-07-21-17.54.42-1153x2048.jpg 1153w, https:\/\/zora-aurora.com\/wp-content\/uploads\/2023\/03\/2021-07-21-17.54.42-scaled.jpg 1442w\" sizes=\"auto, (max-width: 577px) 100vw, 577px\" \/><\/figure>\n<\/div>\n\n\n\n<div class=\"wp-block-column is-layout-flow wp-block-column-is-layout-flow\">\n<figure class=\"wp-block-video\"><video controls src=\"https:\/\/zora-aurora.com\/wp-content\/uploads\/2023\/04\/339860827_9841519329207334_8067599520775093564_n.mp4\"><\/video><\/figure>\n<\/div>\n<\/div>\n\n\n\n<figure class=\"wp-block-gallery has-nested-images columns-3 wp-block-gallery-1 is-layout-flex wp-block-gallery-is-layout-flex\">\n<figure class=\"wp-block-image size-large\"><img loading=\"lazy\" decoding=\"async\" width=\"684\" height=\"912\" data-id=\"376\" src=\"https:\/\/zora-aurora.com\/wp-content\/uploads\/2023\/04\/334879238_159671216579211_6597355866871744426_n.jpg\" alt=\"\" class=\"wp-image-376\" srcset=\"https:\/\/zora-aurora.com\/wp-content\/uploads\/2023\/04\/334879238_159671216579211_6597355866871744426_n.jpg 684w, https:\/\/zora-aurora.com\/wp-content\/uploads\/2023\/04\/334879238_159671216579211_6597355866871744426_n-225x300.jpg 225w\" sizes=\"auto, (max-width: 684px) 100vw, 684px\" \/><\/figure>\n\n\n\n<figure class=\"wp-block-image size-large\"><img loading=\"lazy\" decoding=\"async\" width=\"684\" height=\"912\" data-id=\"377\" src=\"https:\/\/zora-aurora.com\/wp-content\/uploads\/2023\/04\/334638155_207225408570924_3910371523190726681_n.jpg\" alt=\"\" class=\"wp-image-377\" srcset=\"https:\/\/zora-aurora.com\/wp-content\/uploads\/2023\/04\/334638155_207225408570924_3910371523190726681_n.jpg 684w, https:\/\/zora-aurora.com\/wp-content\/uploads\/2023\/04\/334638155_207225408570924_3910371523190726681_n-225x300.jpg 225w\" sizes=\"auto, (max-width: 684px) 100vw, 684px\" \/><\/figure>\n\n\n\n<figure class=\"wp-block-image size-large\"><img loading=\"lazy\" decoding=\"async\" width=\"684\" height=\"912\" data-id=\"378\" src=\"https:\/\/zora-aurora.com\/wp-content\/uploads\/2023\/04\/334061942_225107550044670_6646768519958969436_n.jpg\" alt=\"\" class=\"wp-image-378\" srcset=\"https:\/\/zora-aurora.com\/wp-content\/uploads\/2023\/04\/334061942_225107550044670_6646768519958969436_n.jpg 684w, https:\/\/zora-aurora.com\/wp-content\/uploads\/2023\/04\/334061942_225107550044670_6646768519958969436_n-225x300.jpg 225w\" sizes=\"auto, (max-width: 684px) 100vw, 684px\" \/><\/figure>\n\n\n\n<figure class=\"wp-block-image size-large\"><img loading=\"lazy\" decoding=\"async\" width=\"684\" height=\"912\" data-id=\"379\" src=\"https:\/\/zora-aurora.com\/wp-content\/uploads\/2023\/04\/336622497_573695101383434_3894219683882517038_n.jpg\" alt=\"\" class=\"wp-image-379\" srcset=\"https:\/\/zora-aurora.com\/wp-content\/uploads\/2023\/04\/336622497_573695101383434_3894219683882517038_n.jpg 684w, https:\/\/zora-aurora.com\/wp-content\/uploads\/2023\/04\/336622497_573695101383434_3894219683882517038_n-225x300.jpg 225w\" sizes=\"auto, (max-width: 684px) 100vw, 684px\" \/><\/figure>\n\n\n\n<figure class=\"wp-block-image size-large\"><img loading=\"lazy\" decoding=\"async\" width=\"684\" height=\"912\" data-id=\"380\" src=\"https:\/\/zora-aurora.com\/wp-content\/uploads\/2023\/04\/334406582_159015677063721_8323045877864827507_n.jpg\" alt=\"\" class=\"wp-image-380\" srcset=\"https:\/\/zora-aurora.com\/wp-content\/uploads\/2023\/04\/334406582_159015677063721_8323045877864827507_n.jpg 684w, https:\/\/zora-aurora.com\/wp-content\/uploads\/2023\/04\/334406582_159015677063721_8323045877864827507_n-225x300.jpg 225w\" sizes=\"auto, (max-width: 684px) 100vw, 684px\" \/><\/figure>\n<\/figure>\n\n\n\n<figure class=\"wp-block-image size-full\"><img loading=\"lazy\" decoding=\"async\" width=\"912\" height=\"684\" src=\"https:\/\/zora-aurora.com\/wp-content\/uploads\/2023\/04\/337411320_217117741003969_6036635102016766940_n.jpg\" alt=\"\" class=\"wp-image-372\"\/><\/figure>\n\n\n\n<h4 class=\"wp-block-heading\">Komentarji<\/h4>\n","protected":false},"excerpt":{"rendered":"<p>Obredni boben je eno od najpomembnej\u0161ih orodij v \u0161amanski praksi. Ta boben je vodnik, u\u010ditelj in prijatelj. Mo\u017enost izdelati si svoj boben pod strokovnim vodstvom je neprecenljiva, predvsem pa intimna izku\u0161nja, saj se pod na\u0161imi lastnimi rokami rodi boben, ki bo na\u0161 sopotnik in pomo\u010dnik na na\u0161i duhovni poti. Kaj vklju\u010duje delavnica Na delavnici izdelate [&hellip;]<\/p>\n","protected":false},"author":1,"featured_media":0,"parent":0,"menu_order":0,"comment_status":"open","ping_status":"closed","template":"","meta":{"om_disable_all_campaigns":false,"wprm-recipe-roundup-name":"","wprm-recipe-roundup-description":"","_monsterinsights_skip_tracking":false,"_monsterinsights_sitenote_active":false,"_monsterinsights_sitenote_note":"","_monsterinsights_sitenote_category":0,"footnotes":""},"class_list":["post-75","page","type-page","status-publish","hentry"],"_links":{"self":[{"href":"https:\/\/zora-aurora.com\/index.php?rest_route=\/wp\/v2\/pages\/75","targetHints":{"allow":["GET"]}}],"collection":[{"href":"https:\/\/zora-aurora.com\/index.php?rest_route=\/wp\/v2\/pages"}],"about":[{"href":"https:\/\/zora-aurora.com\/index.php?rest_route=\/wp\/v2\/types\/page"}],"author":[{"embeddable":true,"href":"https:\/\/zora-aurora.com\/index.php?rest_route=\/wp\/v2\/users\/1"}],"replies":[{"embeddable":true,"href":"https:\/\/zora-aurora.com\/index.php?rest_route=%2Fwp%2Fv2%2Fcomments&post=75"}],"version-history":[{"count":7,"href":"https:\/\/zora-aurora.com\/index.php?rest_route=\/wp\/v2\/pages\/75\/revisions"}],"predecessor-version":[{"id":1527,"href":"https:\/\/zora-aurora.com\/index.php?rest_route=\/wp\/v2\/pages\/75\/revisions\/1527"}],"wp:attachment":[{"href":"https:\/\/zora-aurora.com\/index.php?rest_route=%2Fwp%2Fv2%2Fmedia&parent=75"}],"curies":[{"name":"wp","href":"https:\/\/api.w.org\/{rel}","templated":true}]}}