{"id":210,"date":"2023-03-06T17:42:28","date_gmt":"2023-03-06T17:42:28","guid":{"rendered":"https:\/\/zora-aurora.com\/?page_id=210"},"modified":"2025-10-02T22:57:32","modified_gmt":"2025-10-02T22:57:32","slug":"orionova-pot-s-karlom-grzanom","status":"publish","type":"page","link":"https:\/\/zora-aurora.com\/?page_id=210","title":{"rendered":"Orionova pot s Karlom Gr\u017eanom"},"content":{"rendered":"\n<p>Ekskurzija po poteh zvezd na zemlji, ORIONOVI POTI, je namenjena ljubiteljem odkrivanja skrivnosti \u00a0in raziskovalcem daljnje preteklosti \u2013 to je popotovanje po megalitsjkih ostankih iz daljne in zamol\u010dane zgodovine na\u0161ih rodnih krajev. <\/p>\n\n\n\n<p>Na\u0161 vodnik bo pater Karel Gr\u017ean, ki je 20 let nazaj odkril megalite v postavitvi ozvezdja Orion.<\/p>\n\n\n\n<p>Pot je lahka in dolga okoli 3 km, primerna tudi za otroke in socializirane pse.<\/p>\n\n\n\n<p>Prostovoljni prispevki zgolj z namenom za patrove raziskave; gre za kemijske analize vzorcev megalitov iz Orionove poti.<\/p>\n\n\n\n<p>O detajlih pohoda boste zaradi morebitne odpovedi zaradi neprimernega vremena obve\u0161\u010deni \u0161ele 2-3 dni pred samim dogodkom, saj je izvedba odvisna izklju\u010dno od vremena.<\/p>\n\n\n\n<p>Pri prevozu do Jurklo\u0161tra vas bomo sku\u0161ali iz iste smeri povezati, saj je omejeno \u0161tevilo parkiri\u0161\u010d, zato prosimo, da pri prijavi navedete kontaktni telefon in izhodi\u0161\u010dni kraj.<\/p>\n\n\n\n<p><strong>Datum:<\/strong> 8.11.2025<\/p>\n\n\n\n<p><strong>Prijava z navedbo GSM in KRAJA:<\/strong> <a href=\"mailto:info@zora-aurora.com\">info@zora-aurora.com<\/a><\/p>\n\n\n\n<h4 class=\"wp-block-heading\">Komentarji<\/h4>\n","protected":false},"excerpt":{"rendered":"<p>Ekskurzija po poteh zvezd na zemlji, ORIONOVI POTI, je namenjena ljubiteljem odkrivanja skrivnosti \u00a0in raziskovalcem daljnje preteklosti \u2013 to je popotovanje po megalitsjkih ostankih iz daljne in zamol\u010dane zgodovine na\u0161ih rodnih krajev. Na\u0161 vodnik bo pater Karel Gr\u017ean, ki je 20 let nazaj odkril megalite v postavitvi ozvezdja Orion. Pot je lahka in dolga okoli [&hellip;]<\/p>\n","protected":false},"author":1,"featured_media":213,"parent":0,"menu_order":0,"comment_status":"open","ping_status":"closed","template":"","meta":{"om_disable_all_campaigns":false,"wprm-recipe-roundup-name":"","wprm-recipe-roundup-description":"","_monsterinsights_skip_tracking":false,"_monsterinsights_sitenote_active":false,"_monsterinsights_sitenote_note":"","_monsterinsights_sitenote_category":0,"footnotes":""},"class_list":["post-210","page","type-page","status-publish","has-post-thumbnail","hentry"],"_links":{"self":[{"href":"https:\/\/zora-aurora.com\/index.php?rest_route=\/wp\/v2\/pages\/210","targetHints":{"allow":["GET"]}}],"collection":[{"href":"https:\/\/zora-aurora.com\/index.php?rest_route=\/wp\/v2\/pages"}],"about":[{"href":"https:\/\/zora-aurora.com\/index.php?rest_route=\/wp\/v2\/types\/page"}],"author":[{"embeddable":true,"href":"https:\/\/zora-aurora.com\/index.php?rest_route=\/wp\/v2\/users\/1"}],"replies":[{"embeddable":true,"href":"https:\/\/zora-aurora.com\/index.php?rest_route=%2Fwp%2Fv2%2Fcomments&post=210"}],"version-history":[{"count":12,"href":"https:\/\/zora-aurora.com\/index.php?rest_route=\/wp\/v2\/pages\/210\/revisions"}],"predecessor-version":[{"id":1624,"href":"https:\/\/zora-aurora.com\/index.php?rest_route=\/wp\/v2\/pages\/210\/revisions\/1624"}],"wp:featuredmedia":[{"embeddable":true,"href":"https:\/\/zora-aurora.com\/index.php?rest_route=\/wp\/v2\/media\/213"}],"wp:attachment":[{"href":"https:\/\/zora-aurora.com\/index.php?rest_route=%2Fwp%2Fv2%2Fmedia&parent=210"}],"curies":[{"name":"wp","href":"https:\/\/api.w.org\/{rel}","templated":true}]}}