{"id":1719,"date":"2026-03-06T14:16:24","date_gmt":"2026-03-06T14:16:24","guid":{"rendered":"https:\/\/zora-aurora.com\/?page_id=1719"},"modified":"2026-03-06T15:16:04","modified_gmt":"2026-03-06T15:16:04","slug":"petje-po-starem-in-ob-obredih","status":"publish","type":"page","link":"https:\/\/zora-aurora.com\/?page_id=1719","title":{"rendered":"Petje po starem in obredno petje"},"content":{"rendered":"\n<p><em>Na\u0161e prednice in predniki so prepevali &#8211; ob prehodih letnih \u010dasov, ob delu v vsakdanjem \u017eivljenju in na obredih, skupaj, ve\u010dglasno.<\/em><br><em>Pesmi so se prena\u0161ale z ustnim izro\u010dilom, krepile so dru\u017ebeme, kulturne in duhovne vezi skupnosti.<\/em><br><br>Prepletene so bile z na\u0161imi pokrajinami.<br>Pri\u010devale so.<br>Zdravile so.<br>Posve\u010dale so.<br>A so se med nami \u017ee skoraj izgubile.<br><br>Pesmi in skupnostno petje.<\/p>\n\n\n\n<p>Kar tako, da smo skupaj in delimo nesnovno kulturo v prisotnem trenutku.<br><br>Ali ker se dogaja pomemben prehod, ki ga \u017eelimo kolektivno energetsko podpreti.<br>In spomin v na\u0161ih telesih ostaja.<br>\u017delja po obredih, iniciacijah in ritualih tudi.<br>In po petju skupaj.<br>Povezanim z zduhci na\u0161ih voda, jam, gozdov, gora.<\/p>\n\n\n\n<p>Zato v skupnosti Zora \u017eelimo ustvariti tudi prostor za raziskovanje skupnostnega petja po starem.<br><br>Se ponovno spomniti pesmi prednic in prednikov.<br>Se redno dru\u017eiti z njihovimi pesmimi, ki bodo morda spet postale tudi na\u0161e.<br>Raziskujemo na\u010din, kako se tega lotiti.<br><br>To bo odvisno od vseh zainteresiranih pevk in pevcev, ki se boste udele\u017eili tega prvega sre\u010danja.<br><br>Mislite, da ne znate peti? Ne morete? V skupini je druga\u010de in vsi ste dobrodo\u0161le in dobrodo\u0161li.<br>Pri tem nas bo podprla <strong><a href=\"https:\/\/www.ljobajence.eu\/\" data-type=\"link\" data-id=\"https:\/\/www.ljobajence.eu\/\" target=\"_blank\" rel=\"noreferrer noopener\">Ljoba Jen\u010de<\/a><\/strong>, ohranjevalka ljudskega petja in izro\u010dila.<br><br>Bomo skupaj sko\u010dili v prvo jezero, se malce potopili in odkrili, kako naprej.<br><br><strong>Prvo sre\u010danje je brezpla\u010dno!<\/strong><\/p>\n\n\n\n<p><strong>Kdaj:<\/strong> 28.3.2026 od 11h do 14h<br><strong>Kje:<\/strong> Dobrovlje pri Mozirju<br><strong>Prijava<\/strong>: <a href=\"mailto:tyashak@gmail.com\" target=\"_blank\" rel=\"noreferrer noopener\">tyashak@gmail.com<\/a><\/p>\n\n\n\n<p>Po predhodnem naro\u010dilu ob prijavi mo\u017enost veganskega kosila (10\u20ac).<\/p>\n\n\n\n<p><\/p>\n","protected":false},"excerpt":{"rendered":"<p>Na\u0161e prednice in predniki so prepevali &#8211; ob prehodih letnih \u010dasov, ob delu v vsakdanjem \u017eivljenju in na obredih, skupaj, ve\u010dglasno.Pesmi so se prena\u0161ale z ustnim izro\u010dilom, krepile so dru\u017ebeme, kulturne in duhovne vezi skupnosti. Prepletene so bile z na\u0161imi pokrajinami.Pri\u010devale so.Zdravile so.Posve\u010dale so.A so se med nami \u017ee skoraj izgubile. Pesmi in skupnostno petje. [&hellip;]<\/p>\n","protected":false},"author":1,"featured_media":1727,"parent":0,"menu_order":0,"comment_status":"closed","ping_status":"closed","template":"","meta":{"om_disable_all_campaigns":false,"wprm-recipe-roundup-name":"","wprm-recipe-roundup-description":"","_monsterinsights_skip_tracking":false,"_monsterinsights_sitenote_active":false,"_monsterinsights_sitenote_note":"","_monsterinsights_sitenote_category":0,"footnotes":""},"class_list":["post-1719","page","type-page","status-publish","has-post-thumbnail","hentry"],"_links":{"self":[{"href":"https:\/\/zora-aurora.com\/index.php?rest_route=\/wp\/v2\/pages\/1719","targetHints":{"allow":["GET"]}}],"collection":[{"href":"https:\/\/zora-aurora.com\/index.php?rest_route=\/wp\/v2\/pages"}],"about":[{"href":"https:\/\/zora-aurora.com\/index.php?rest_route=\/wp\/v2\/types\/page"}],"author":[{"embeddable":true,"href":"https:\/\/zora-aurora.com\/index.php?rest_route=\/wp\/v2\/users\/1"}],"replies":[{"embeddable":true,"href":"https:\/\/zora-aurora.com\/index.php?rest_route=%2Fwp%2Fv2%2Fcomments&post=1719"}],"version-history":[{"count":3,"href":"https:\/\/zora-aurora.com\/index.php?rest_route=\/wp\/v2\/pages\/1719\/revisions"}],"predecessor-version":[{"id":1738,"href":"https:\/\/zora-aurora.com\/index.php?rest_route=\/wp\/v2\/pages\/1719\/revisions\/1738"}],"wp:featuredmedia":[{"embeddable":true,"href":"https:\/\/zora-aurora.com\/index.php?rest_route=\/wp\/v2\/media\/1727"}],"wp:attachment":[{"href":"https:\/\/zora-aurora.com\/index.php?rest_route=%2Fwp%2Fv2%2Fmedia&parent=1719"}],"curies":[{"name":"wp","href":"https:\/\/api.w.org\/{rel}","templated":true}]}}