{"id":1712,"date":"2026-03-05T19:58:14","date_gmt":"2026-03-05T19:58:14","guid":{"rendered":"https:\/\/zora-aurora.com\/?page_id=1712"},"modified":"2026-03-05T19:58:14","modified_gmt":"2026-03-05T19:58:14","slug":"dobrodosla-vigred-obredno-praznovanje-enakonocja","status":"publish","type":"page","link":"https:\/\/zora-aurora.com\/?page_id=1712","title":{"rendered":"Dobrodo\u0161la Vigred &#8211; obredno praznovanje enakono\u010dja"},"content":{"rendered":"\n<p>Prijazno vabljeni med prijatelje v naro\u010dje neokrnjene narave <img loading=\"lazy\" decoding=\"async\" height=\"16\" width=\"16\" alt=\"\u2764\" src=\"https:\/\/static.xx.fbcdn.net\/images\/emoji.php\/v9\/t6c\/1\/16\/2764.png\"><br>S pri\u010detkom naravnega novega leta bomo odvrgli nepotrebna stara bremena ter se podobno kot narava, prebudili iz zimskega mirovanja. Odeli se bomo v prenovljeno in ustvarjalno pomladno podobo ter se pripravili na nove podvige. Blagoslovili bomo mati zemljo in prosili o\u010deta sonce, da nam bosta omogo\u010dila obilje v prihajajo\u010dem letu. Ob ognju bomo zaigrali budnico \u017eivljenju ter se veselili prihoda ne\u017ene pomladi. Na koncu bomo imeli v duhu hvale\u017enosti skromno pogostitev z doma\u010dim \u010dajem in pi\u0161koti.<\/p>\n\n\n\n<figure class=\"wp-block-image size-large\"><img loading=\"lazy\" decoding=\"async\" width=\"768\" height=\"1024\" src=\"https:\/\/zora-aurora.com\/wp-content\/uploads\/2026\/03\/2026-03-04-14.15.22-768x1024.jpg\" alt=\"\" class=\"wp-image-1717\" srcset=\"https:\/\/zora-aurora.com\/wp-content\/uploads\/2026\/03\/2026-03-04-14.15.22-768x1024.jpg 768w, https:\/\/zora-aurora.com\/wp-content\/uploads\/2026\/03\/2026-03-04-14.15.22-225x300.jpg 225w, https:\/\/zora-aurora.com\/wp-content\/uploads\/2026\/03\/2026-03-04-14.15.22-1152x1536.jpg 1152w, https:\/\/zora-aurora.com\/wp-content\/uploads\/2026\/03\/2026-03-04-14.15.22-1536x2048.jpg 1536w, https:\/\/zora-aurora.com\/wp-content\/uploads\/2026\/03\/2026-03-04-14.15.22-scaled.jpg 1920w\" sizes=\"auto, (max-width: 768px) 100vw, 768px\" \/><\/figure>\n\n\n\n<p><strong>Kdaj: v soboto, 21.3.2026, od 16:00 do 18:00<\/strong><br><strong>Kje: Kmetija Dobrovc, Dobrovlje pri Mozirju<\/strong> (natan\u010den naslov dobite pri prijavi)<br><strong>Dogodek je brezpla\u010den, dobrodo\u0161li prostovoljni prispevki<\/strong><br><strong>Prijave: info@zora-aurora.com<\/strong><\/p>\n\n\n\n<p>S sabo prinesite: darovanje ognju, podlogo za sedenje, skodelico (ne kovinske), poljubno glasbilo, topla obla\u010dila ter kak\u0161no odejo za \u010dez ramena (dogodek se bo dogajal na prostem), po navdihu doma\u010d prigrizek za delitev.<\/p>\n\n\n\n<p>Se vidimo <img loading=\"lazy\" decoding=\"async\" height=\"16\" width=\"16\" alt=\"\ud83d\ude42\" src=\"https:\/\/static.xx.fbcdn.net\/images\/emoji.php\/v9\/t4c\/1\/16\/1f642.png\"><\/p>\n\n\n\n<p>Anteja in Ognjana<\/p>\n\n\n\n<p><\/p>\n","protected":false},"excerpt":{"rendered":"<p>Prijazno vabljeni med prijatelje v naro\u010dje neokrnjene narave S pri\u010detkom naravnega novega leta bomo odvrgli nepotrebna stara bremena ter se podobno kot narava, prebudili iz zimskega mirovanja. Odeli se bomo v prenovljeno in ustvarjalno pomladno podobo ter se pripravili na nove podvige. Blagoslovili bomo mati zemljo in prosili o\u010deta sonce, da nam bosta omogo\u010dila obilje [&hellip;]<\/p>\n","protected":false},"author":1,"featured_media":1711,"parent":0,"menu_order":0,"comment_status":"closed","ping_status":"closed","template":"","meta":{"om_disable_all_campaigns":false,"wprm-recipe-roundup-name":"","wprm-recipe-roundup-description":"","_monsterinsights_skip_tracking":false,"_monsterinsights_sitenote_active":false,"_monsterinsights_sitenote_note":"","_monsterinsights_sitenote_category":0,"footnotes":""},"class_list":["post-1712","page","type-page","status-publish","has-post-thumbnail","hentry"],"_links":{"self":[{"href":"https:\/\/zora-aurora.com\/index.php?rest_route=\/wp\/v2\/pages\/1712","targetHints":{"allow":["GET"]}}],"collection":[{"href":"https:\/\/zora-aurora.com\/index.php?rest_route=\/wp\/v2\/pages"}],"about":[{"href":"https:\/\/zora-aurora.com\/index.php?rest_route=\/wp\/v2\/types\/page"}],"author":[{"embeddable":true,"href":"https:\/\/zora-aurora.com\/index.php?rest_route=\/wp\/v2\/users\/1"}],"replies":[{"embeddable":true,"href":"https:\/\/zora-aurora.com\/index.php?rest_route=%2Fwp%2Fv2%2Fcomments&post=1712"}],"version-history":[{"count":1,"href":"https:\/\/zora-aurora.com\/index.php?rest_route=\/wp\/v2\/pages\/1712\/revisions"}],"predecessor-version":[{"id":1718,"href":"https:\/\/zora-aurora.com\/index.php?rest_route=\/wp\/v2\/pages\/1712\/revisions\/1718"}],"wp:featuredmedia":[{"embeddable":true,"href":"https:\/\/zora-aurora.com\/index.php?rest_route=\/wp\/v2\/media\/1711"}],"wp:attachment":[{"href":"https:\/\/zora-aurora.com\/index.php?rest_route=%2Fwp%2Fv2%2Fmedia&parent=1712"}],"curies":[{"name":"wp","href":"https:\/\/api.w.org\/{rel}","templated":true}]}}