{"id":139,"date":"2023-03-06T17:22:06","date_gmt":"2023-03-06T17:22:06","guid":{"rendered":"https:\/\/zora-aurora.com\/?page_id=139"},"modified":"2025-06-17T10:40:51","modified_gmt":"2025-06-17T10:40:51","slug":"kresnikova-noc","status":"publish","type":"page","link":"https:\/\/zora-aurora.com\/?page_id=139","title":{"rendered":"Praznovanje solsticija: Kresovanje po starem"},"content":{"rendered":"\n<p>Kresnik in kresovanje ob poletnem solsticiju je bil v daljnih \u010dasih pred kr\u0161\u010danstvom osrednji praznik slovenskih staroselcev. Na tradicionalni Kresnikovi no\u010di se bomo dru\u017eili in sre\u010dali tisti, ki i\u0161\u010demo svoja izro\u010dila in rodne korenine dale\u010d v preteklosti in tisti, ki nam je narava svetinja. Sre\u010danje bo preprosto in skromno, z obilico \u017eelje po sodelovanju in obujanju tradicij. Dobrodo\u0161le dru\u017eine &lt;3<\/p>\n\n\n\n<figure class=\"wp-block-image size-large\"><img loading=\"lazy\" decoding=\"async\" width=\"1024\" height=\"768\" src=\"https:\/\/zora-aurora.com\/wp-content\/uploads\/2025\/06\/2024-06-22-20.26.26-1024x768.jpg\" alt=\"\" class=\"wp-image-1463\" srcset=\"https:\/\/zora-aurora.com\/wp-content\/uploads\/2025\/06\/2024-06-22-20.26.26-1024x768.jpg 1024w, https:\/\/zora-aurora.com\/wp-content\/uploads\/2025\/06\/2024-06-22-20.26.26-300x225.jpg 300w, https:\/\/zora-aurora.com\/wp-content\/uploads\/2025\/06\/2024-06-22-20.26.26-768x576.jpg 768w, https:\/\/zora-aurora.com\/wp-content\/uploads\/2025\/06\/2024-06-22-20.26.26-1536x1152.jpg 1536w, https:\/\/zora-aurora.com\/wp-content\/uploads\/2025\/06\/2024-06-22-20.26.26-2048x1536.jpg 2048w, https:\/\/zora-aurora.com\/wp-content\/uploads\/2025\/06\/2024-06-22-20.26.26-500x375.jpg 500w\" sizes=\"auto, (max-width: 1024px) 100vw, 1024px\" \/><\/figure>\n\n\n\n<p>Letos bo kresovanje izjemoma enodnevno. Pred obredom bo potekal pogovor s Patrom Karlom Gr\u017eanom, ki se bo za\u010del ob 14h.<\/p>\n\n\n\n<p>Med predavanjem in obredom bo organizirano vegansko kosilo. \u010ce \u017eelite kosilo, javite ob prijavi. Prispevek za kosilo je 10 eur.<\/p>\n\n\n\n<p><strong>Prijave na:<\/strong> <a href=\"mailto:info@zora-aurora.com\">info@zora-aurora.com<\/a><\/p>\n\n\n\n<p><strong>Prispevek:<\/strong> dobrodo\u0161li prostovoljni prispevki za namen obnove prostorov<\/p>\n\n\n\n<p>Osti Jarej!<\/p>\n\n\n\n<p><a href=\"#koment\" data-type=\"internal\" data-id=\"#koment\">Vtisi prej\u0161njih kresovanj.<\/a><\/p>\n\n\n\n<figure class=\"wp-block-image size-large\"><img loading=\"lazy\" decoding=\"async\" width=\"1024\" height=\"768\" src=\"https:\/\/zora-aurora.com\/wp-content\/uploads\/2025\/06\/2024-06-22-21.29.26-1024x768.jpg\" alt=\"\" class=\"wp-image-1465\" srcset=\"https:\/\/zora-aurora.com\/wp-content\/uploads\/2025\/06\/2024-06-22-21.29.26-1024x768.jpg 1024w, https:\/\/zora-aurora.com\/wp-content\/uploads\/2025\/06\/2024-06-22-21.29.26-300x225.jpg 300w, https:\/\/zora-aurora.com\/wp-content\/uploads\/2025\/06\/2024-06-22-21.29.26-768x576.jpg 768w, https:\/\/zora-aurora.com\/wp-content\/uploads\/2025\/06\/2024-06-22-21.29.26-1536x1152.jpg 1536w, https:\/\/zora-aurora.com\/wp-content\/uploads\/2025\/06\/2024-06-22-21.29.26-2048x1536.jpg 2048w, https:\/\/zora-aurora.com\/wp-content\/uploads\/2025\/06\/2024-06-22-21.29.26-500x375.jpg 500w\" sizes=\"auto, (max-width: 1024px) 100vw, 1024px\" \/><\/figure>\n\n\n\n<figure class=\"wp-block-embed is-type-video is-provider-youtube wp-block-embed-youtube wp-embed-aspect-16-9 wp-has-aspect-ratio\"><div class=\"wp-block-embed__wrapper\">\n<iframe loading=\"lazy\" title=\"KRESOVANJE PO STAREM - Rodnoverska skupnost ZORA\" width=\"500\" height=\"281\" src=\"https:\/\/www.youtube.com\/embed\/1yKQtT-iHrs?feature=oembed\" frameborder=\"0\" allow=\"accelerometer; autoplay; clipboard-write; encrypted-media; gyroscope; picture-in-picture; web-share\" referrerpolicy=\"strict-origin-when-cross-origin\" allowfullscreen><\/iframe>\n<\/div><\/figure>\n\n\n\n<figure class=\"wp-block-embed is-type-video is-provider-youtube wp-block-embed-youtube wp-embed-aspect-16-9 wp-has-aspect-ratio\"><div class=\"wp-block-embed__wrapper\">\n<iframe loading=\"lazy\" title=\"Kresnikova no\u010d 2022 - kolo\" width=\"500\" height=\"281\" src=\"https:\/\/www.youtube.com\/embed\/U-nHHYPtu1g?feature=oembed\" frameborder=\"0\" allow=\"accelerometer; autoplay; clipboard-write; encrypted-media; gyroscope; picture-in-picture; web-share\" referrerpolicy=\"strict-origin-when-cross-origin\" allowfullscreen><\/iframe>\n<\/div><\/figure>\n\n\n\n<h4 class=\"wp-block-heading\" id=\"koment\">Komentarji<\/h4>\n","protected":false},"excerpt":{"rendered":"<p>Kresnik in kresovanje ob poletnem solsticiju je bil v daljnih \u010dasih pred kr\u0161\u010danstvom osrednji praznik slovenskih staroselcev. Na tradicionalni Kresnikovi no\u010di se bomo dru\u017eili in sre\u010dali tisti, ki i\u0161\u010demo svoja izro\u010dila in rodne korenine dale\u010d v preteklosti in tisti, ki nam je narava svetinja. Sre\u010danje bo preprosto in skromno, z obilico \u017eelje po sodelovanju in [&hellip;]<\/p>\n","protected":false},"author":1,"featured_media":1383,"parent":0,"menu_order":0,"comment_status":"open","ping_status":"closed","template":"","meta":{"om_disable_all_campaigns":false,"wprm-recipe-roundup-name":"","wprm-recipe-roundup-description":"","_monsterinsights_skip_tracking":false,"_monsterinsights_sitenote_active":false,"_monsterinsights_sitenote_note":"","_monsterinsights_sitenote_category":0,"footnotes":""},"class_list":["post-139","page","type-page","status-publish","has-post-thumbnail","hentry"],"_links":{"self":[{"href":"https:\/\/zora-aurora.com\/index.php?rest_route=\/wp\/v2\/pages\/139","targetHints":{"allow":["GET"]}}],"collection":[{"href":"https:\/\/zora-aurora.com\/index.php?rest_route=\/wp\/v2\/pages"}],"about":[{"href":"https:\/\/zora-aurora.com\/index.php?rest_route=\/wp\/v2\/types\/page"}],"author":[{"embeddable":true,"href":"https:\/\/zora-aurora.com\/index.php?rest_route=\/wp\/v2\/users\/1"}],"replies":[{"embeddable":true,"href":"https:\/\/zora-aurora.com\/index.php?rest_route=%2Fwp%2Fv2%2Fcomments&post=139"}],"version-history":[{"count":10,"href":"https:\/\/zora-aurora.com\/index.php?rest_route=\/wp\/v2\/pages\/139\/revisions"}],"predecessor-version":[{"id":1471,"href":"https:\/\/zora-aurora.com\/index.php?rest_route=\/wp\/v2\/pages\/139\/revisions\/1471"}],"wp:featuredmedia":[{"embeddable":true,"href":"https:\/\/zora-aurora.com\/index.php?rest_route=\/wp\/v2\/media\/1383"}],"wp:attachment":[{"href":"https:\/\/zora-aurora.com\/index.php?rest_route=%2Fwp%2Fv2%2Fmedia&parent=139"}],"curies":[{"name":"wp","href":"https:\/\/api.w.org\/{rel}","templated":true}]}}