{"id":134,"date":"2023-03-06T11:23:52","date_gmt":"2023-03-06T11:23:52","guid":{"rendered":"https:\/\/zora-aurora.com\/?page_id=134"},"modified":"2025-08-28T11:05:23","modified_gmt":"2025-08-28T11:05:23","slug":"prvinski-ritual-ciscenja-s-stirimi-elementi-zrak-ogenj-voda-in-zemlja","status":"publish","type":"page","link":"https:\/\/zora-aurora.com\/?page_id=134","title":{"rendered":"Prvinski ritual \u010di\u0161\u010denja s \u0161tirimi elementi: Zrak, Ogenj, Voda in Zemlja"},"content":{"rendered":"\n<p>Ritual prvinske povezave z naravnimi elementi v sebi je edinstven do\u017eivetveni dogodek, ki posamezniku omogo\u010di globoka notranja spoznanja in popolno osebno transformacijo. To stanje se dose\u017ee z uporabo prvinskih terapevtskih obredov, s katerimi se v \u010dloveku aktivirajo vsi \u0161tirje elementi. Preko globokih notranjih do\u017eivetij <strong>kopanja v hladni vodi<\/strong>,<strong> intenzivnega predihavanja<\/strong>,<strong> hoje preko \u017eerjavice <\/strong>in<strong> axis mundi v podzemni jami<\/strong>, se \u010dloveku odprejo in aktivirajo vsi \u0161tirje naravni elementi: voda, zrak, ogenj in zemlja. Elementi v telesu se globinsko pre\u010distijo in harmonizirajo v prenovljeni obliki. Do\u017eivetje rituala je zelo intenzivno \u017ee zaradi neokrnjene \u010darobne narave, v kateri se delavnica dogaja. Podpora mentorjev, mo\u010dna povezava celotne skupine in duh okolja pri\u010darajo vzdu\u0161je, ki \u010dloveka popelje v zdravljenje, ki ga najbolj potrebuje.<\/p>\n\n\n\n<p><strong>Lokacija<\/strong>:&nbsp;Kmetija Dobrovc, Dobrovlje pri Mozirju<br><strong>Datum:<\/strong>&nbsp;12. &#8211; 14. september 2025<br><strong>Organizatorja: <\/strong>Skupnost Zora in Himalaya Rebirthing<br><strong>Obrede vodijo<\/strong>: Ognjana, \u017diga, Anteja in Annamaria<\/p>\n\n\n\n<ul class=\"wp-block-list\">\n<li><a href=\"#opis\" data-type=\"internal\" data-id=\"#opis\">Opis dogodka<\/a><\/li>\n\n\n\n<li><a href=\"#program\" data-type=\"internal\" data-id=\"#program\">Program<\/a><\/li>\n\n\n\n<li><a href=\"#pomen\" data-type=\"internal\" data-id=\"#pomen\">Globlji pomen obredov<\/a>\n<ul class=\"wp-block-list\">\n<li><a href=\"#zrak\" data-type=\"internal\" data-id=\"#zrak\">Zrak<\/a><\/li>\n\n\n\n<li><a href=\"#ogenj\" data-type=\"internal\" data-id=\"#ogenj\">Ogenj<\/a><\/li>\n\n\n\n<li><a href=\"#voda\" data-type=\"internal\" data-id=\"#voda\">Voda<\/a><\/li>\n\n\n\n<li><a href=\"#zemlja\" data-type=\"internal\" data-id=\"#zemlja\">Zemlja<\/a><\/li>\n<\/ul>\n<\/li>\n\n\n\n<li><a href=\"#vtisi\" data-type=\"internal\" data-id=\"#vtisi\">Komentarji<\/a><\/li>\n<\/ul>\n\n\n\n<figure class=\"wp-block-image size-large\"><img loading=\"lazy\" decoding=\"async\" width=\"1024\" height=\"768\" src=\"https:\/\/zora-aurora.com\/wp-content\/uploads\/2023\/03\/IMG_5961-1024x768.jpeg\" alt=\"\" class=\"wp-image-168\" srcset=\"https:\/\/zora-aurora.com\/wp-content\/uploads\/2023\/03\/IMG_5961-1024x768.jpeg 1024w, https:\/\/zora-aurora.com\/wp-content\/uploads\/2023\/03\/IMG_5961-300x225.jpeg 300w, https:\/\/zora-aurora.com\/wp-content\/uploads\/2023\/03\/IMG_5961-768x576.jpeg 768w, https:\/\/zora-aurora.com\/wp-content\/uploads\/2023\/03\/IMG_5961-1536x1152.jpeg 1536w, https:\/\/zora-aurora.com\/wp-content\/uploads\/2023\/03\/IMG_5961.jpeg 2000w\" sizes=\"auto, (max-width: 1024px) 100vw, 1024px\" \/><\/figure>\n\n\n\n<p id=\"opis\"><strong>OPIS DOGODKA<\/strong><br>Ritual popolnega prvinskega pre\u010di\u0161\u010denja bo trodnevni dogodek, saj zahteva od udele\u017eencev celovito prisotnost in iskreno poglobitev vase. Smisel rituala prvinskega pre\u010di\u0161\u010denja je, da se v kratkem \u010dasovnem obdobju intenzivno izvedejo obredi vseh \u0161tirih elementov narave. Na ta na\u010din se namre\u010d dose\u017ee najve\u010dja u\u010dinkovitost. <\/p>\n\n\n\n<p>Dogodek se bo izvajal v divjini hribovskega gozda, na manj\u0161i ekolo\u0161ki kmetiji. Preno\u010devalo se bo bodisi v lastnem \u0161otoru ali na skupnih le\u017ei\u0161\u010dih na seniku, kjer bo mo\u017eno prespati bodisi na jogiji ali senu. Vklju\u010deni bodo skrbno pripravljeni okusni veganski obroki, ki so podpora celotnemu obredu.<\/p>\n\n\n\n<figure class=\"wp-block-image size-large\"><img loading=\"lazy\" decoding=\"async\" width=\"1024\" height=\"576\" src=\"https:\/\/zora-aurora.com\/wp-content\/uploads\/2023\/03\/IMG_5812-1024x576.jpeg\" alt=\"\" class=\"wp-image-169\" srcset=\"https:\/\/zora-aurora.com\/wp-content\/uploads\/2023\/03\/IMG_5812-1024x576.jpeg 1024w, https:\/\/zora-aurora.com\/wp-content\/uploads\/2023\/03\/IMG_5812-300x169.jpeg 300w, https:\/\/zora-aurora.com\/wp-content\/uploads\/2023\/03\/IMG_5812-768x432.jpeg 768w, https:\/\/zora-aurora.com\/wp-content\/uploads\/2023\/03\/IMG_5812-1536x864.jpeg 1536w, https:\/\/zora-aurora.com\/wp-content\/uploads\/2023\/03\/IMG_5812-2048x1152.jpeg 2048w\" sizes=\"auto, (max-width: 1024px) 100vw, 1024px\" \/><\/figure>\n\n\n\n<p id=\"program\"><strong>Okviren program:<\/strong><\/p>\n\n\n\n<p><strong>Petek<\/strong><br>16.00 Prihod in povezovanje<br>17.00 Obred z Vodo: potop v izvirni hladni vodi<br>20.00 Ve\u010derja<\/p>\n\n\n\n<p><strong>Sobota<\/strong><br>09.00 Zajtrk<br>10.00 Obred z Zrakom: predihovanje oz. rebirthing<br>14.00 Kosilo in po\u010ditek<br>16.00 Priprava na obred Ognja<br>19.00 Ve\u010derja<br>20.00 Obred z Ognjem: hoja po \u017eerjavici<\/p>\n\n\n\n<p><strong>Nedelja<\/strong><br>09.00 Zajtrk<br>10.00 Obred z Zemljo: glasbena meditacija v jami<br>14.00 Kosilo<br>15.00 Zaklju\u010dni krog<br>16.00 Odhod<\/p>\n\n\n\n<p><br> <strong>Oprema<\/strong>: <br>le\u017ealna blazina, za\u0161\u010dita pred klopi, topla obla\u010dila za ve\u010der, spalna vre\u010da, kopalke, brisa\u010da, svetilka, obredno obla\u010dilo, \u010drne\/temne nogavice, glasbila.<\/p>\n\n\n\n<p><strong>Prispevek<\/strong>: <br>Energetska izmenjava v vrednosti 404 \u20ac <br>Za otroke od 9 do 14 let je prispevek 199 EUR.<br><br>V prispevek je vklju\u010dena celovita podpora, stro\u0161ki zdrave veganske hrane in bivanja.<strong><br><\/strong>(prispevek za posteljnino je dodatnih 10 \u20ac, v kolikor ne boste imeli spalne vre\u010de ali svoje posteljnine)<br>(\u0161tevilo mest na senu je omejeno) Kljub vsemu, organizatorji zaupamo v naravni red in skladnost. :))<br>Denar naj ne bo ovira za neudele\u017ebo. \u010ce bi radi pri\u0161li, pokli\u010dite in bomo na\u0161li skupno re\u0161itev.<br>V kolikor \u017eelite, lahko znesek poravnate tudi na obroke do 12.9.2025 (pred dogodkom)<\/p>\n\n\n\n<p>Kot prijava se \u0161teje pla\u010dilo akontacije v vi\u0161ini 100,00 v gotovini ali z nakazilom.<br>Odjava z vra\u010dilom akontacije je mo\u017ena do vklju\u010dno 7.9.2025.<br>Ob prijavi vas prosimo, da navedete polno ime, kraj bivanja, svojo telefonsko \u0161tevilko in e-mail, kamor vam bomo poslali dodatne informacije.<\/p>\n\n\n\n<p><br><strong>Prijava<\/strong>: Prijave so mo\u017ene do vklju\u010dno 7.9.2025: <a href=\"mailto:info@zora-aurora.com\">info@zora-aurora.com<\/a>. \u0160tevilo mest je omejeno.<br><\/p>\n\n\n\n<figure class=\"wp-block-embed is-type-video is-provider-youtube wp-block-embed-youtube wp-embed-aspect-16-9 wp-has-aspect-ratio\"><div class=\"wp-block-embed__wrapper\">\n<iframe loading=\"lazy\" title=\"Prvinski ritual \u010di\u0161\u010denja s \u0161tirimi elementi 2022\" width=\"500\" height=\"281\" src=\"https:\/\/www.youtube.com\/embed\/PYmqUfnuWk4?feature=oembed\" frameborder=\"0\" allow=\"accelerometer; autoplay; clipboard-write; encrypted-media; gyroscope; picture-in-picture; web-share\" referrerpolicy=\"strict-origin-when-cross-origin\" allowfullscreen><\/iframe>\n<\/div><\/figure>\n\n\n\n<div class=\"wp-block-group alignfull has-secondary-background-color has-background is-layout-flow wp-block-group-is-layout-flow\" style=\"padding-top:1rem;padding-right:0px;padding-bottom:1rem;padding-left:0px\">\n<figure class=\"wp-block-image size-full\"><img decoding=\"async\" src=\"https:\/\/zora-aurora.com\/wp-content\/themes\/twentytwentytwo\/assets\/images\/divider-black.png\" alt=\"\" class=\"wp-image-473\"\/><\/figure>\n<\/div>\n\n\n\n<h3 class=\"wp-block-heading\" id=\"pomen\"><strong>GLOBLJI POMEN OBREDOV<\/strong><\/h3>\n\n\n\n<h4 class=\"wp-block-heading\" id=\"voda\">Voda \u2013 iskanje resnice v sebi<\/h4>\n\n\n\n<p>Obred vode poteka kot potop v hladno vodo. Voda v nas deluje kot most med na\u0161o zemeljsko resni\u010dnostjo in na\u0161im notranjim misti\u010dnim svetom. Obred nas pove\u017ee z vodo v sebi, na\u0161o zdravilno intuitivno u\u010diteljico, ki nas po\u010dasi in vijugasto popelje navznoter, kjer se soo\u010dimo s svojimi \u010dustvi. Voda v nas kli\u010de, da zaplavamo v svoje najgloblje tolmune pozabljenih travm in v sebi poi\u0161\u010demo intuitivni odgovor za vso na\u0161o skrito sr\u010dno bole\u010dino. Tam v svoji sveti mirni globini elementa vode poi\u0161\u010demo klju\u010d do modrosti svojih prednikov, ki jo hrani voda. Pove\u017eemo se s pozabljenimi deli sebe, ki potrebujejo pozornost in sr\u010dno nego. Z aktivacijo preto\u010dnosti vode v sebi se vrnemo k svoji mo\u010di, k svoji resnici, k brezpogojni ljubezni do sebe in \u010dustveni ozdravitvi.<\/p>\n\n\n\n<figure class=\"wp-block-image size-large\"><img loading=\"lazy\" decoding=\"async\" width=\"1024\" height=\"681\" src=\"https:\/\/zora-aurora.com\/wp-content\/uploads\/2025\/03\/HimalayaRebirth-28-1024x681.jpg\" alt=\"\" class=\"wp-image-1307\" srcset=\"https:\/\/zora-aurora.com\/wp-content\/uploads\/2025\/03\/HimalayaRebirth-28-1024x681.jpg 1024w, https:\/\/zora-aurora.com\/wp-content\/uploads\/2025\/03\/HimalayaRebirth-28-300x200.jpg 300w, https:\/\/zora-aurora.com\/wp-content\/uploads\/2025\/03\/HimalayaRebirth-28-768x511.jpg 768w, https:\/\/zora-aurora.com\/wp-content\/uploads\/2025\/03\/HimalayaRebirth-28-1536x1022.jpg 1536w, https:\/\/zora-aurora.com\/wp-content\/uploads\/2025\/03\/HimalayaRebirth-28-2048x1363.jpg 2048w\" sizes=\"auto, (max-width: 1024px) 100vw, 1024px\" \/><\/figure>\n\n\n\n<h4 class=\"wp-block-heading\" id=\"zrak\">Zrak<\/h4>\n\n\n\n<p>Obred zraka poteka kot intenzivno predihavanje, kar povzro\u010di v nas preporod, oziroma novo rojstvo. Element zraka je neviden, a je vendar mo\u010dan in prodoren, zato njegov intenzivni dotok pospe\u0161i gibanje energije v na\u0161em telesu in iz telesa odmika maske, ki smo si jih tekom \u017eivljenja nadeli. Esenca zraka nas soo\u010di z na\u0161imi notranjimi konflikti in nas pre\u017eame s poni\u017enostjo. Spoznanje, da ni\u010d ne vemo, nam poda krila, na katerih nas element zraka ponese \u017eivljenju naproti. Obred aktivacije elementa zraka prerodi notranjega otroka v nas, kar nas navdihne z radostjo, igrivostjo in preprostim ob\u010dudovanjem lepot \u017eivljenja. Po tem obredu smo polni elana.<\/p>\n\n\n\n<p>Ve\u010d o rebirthingu:&nbsp;<a rel=\"noreferrer noopener\" href=\"http:\/\/www.himalaya-rebirth.com\/sl\/rebirthing\/dogodki-2\/\" target=\"_blank\">http:\/\/www.himalaya-rebirth.com\/sl\/rebirthing\/dogodki-2\/<\/a><\/p>\n\n\n\n<figure class=\"wp-block-image size-large\"><img loading=\"lazy\" decoding=\"async\" width=\"819\" height=\"1024\" src=\"https:\/\/zora-aurora.com\/wp-content\/uploads\/2023\/03\/35C7E155-5555-4E97-B557-6575C9DA413C-819x1024.jpeg\" alt=\"\" class=\"wp-image-173\" srcset=\"https:\/\/zora-aurora.com\/wp-content\/uploads\/2023\/03\/35C7E155-5555-4E97-B557-6575C9DA413C-819x1024.jpeg 819w, https:\/\/zora-aurora.com\/wp-content\/uploads\/2023\/03\/35C7E155-5555-4E97-B557-6575C9DA413C-240x300.jpeg 240w, https:\/\/zora-aurora.com\/wp-content\/uploads\/2023\/03\/35C7E155-5555-4E97-B557-6575C9DA413C-768x960.jpeg 768w, https:\/\/zora-aurora.com\/wp-content\/uploads\/2023\/03\/35C7E155-5555-4E97-B557-6575C9DA413C-1229x1536.jpeg 1229w, https:\/\/zora-aurora.com\/wp-content\/uploads\/2023\/03\/35C7E155-5555-4E97-B557-6575C9DA413C.jpeg 1440w\" sizes=\"auto, (max-width: 819px) 100vw, 819px\" \/><\/figure>\n\n\n\n<h4 class=\"wp-block-heading\" id=\"ogenj\">Ogenj \u2013 strast do \u017eivljenja<\/h4>\n\n\n\n<p>Obred ognja bo potekal kot hoja preko \u017eerjavice, s \u010dimer se bo na\u0161e telo direktno soo\u010dilo s podzavestnimi strahovi. Ogenj ima magi\u010dno lastnost, da nas misti\u010dno pritegne, osvetli obraz, pogreje telo in predvsem napolni z neskon\u010dno energijo poguma. Soo\u010danje z \u017eerjavico kot zunanjo esenco ognja pri\u017ege na\u0161 notranji ogenj in s tem prebudi zatrto strast do \u017eivljenja. Esenca ognja v nas je najmo\u010dnej\u0161i notranji zdravilec in pogumen za\u0161\u010ditnik v vseh preizku\u0161njah. Po tem obredu je \u010dlovek opogumljen, samozavesten in poln strasti do \u017eivljenja. Enostavno se po\u010duti odli\u010dno v svojem telesu, z obnovljenim ognjem v sebi pa je zmo\u017een premikati gore.<\/p>\n\n\n\n<p>Ve\u010d o <a href=\"https:\/\/zora-aurora.com\/?page_id=9\" data-type=\"page\" data-id=\"9\">hoji po \u017eerjavici<\/a>.<\/p>\n\n\n\n<figure class=\"wp-block-image size-large\"><img loading=\"lazy\" decoding=\"async\" width=\"768\" height=\"1024\" src=\"https:\/\/zora-aurora.com\/wp-content\/uploads\/2023\/03\/IMG_6235-768x1024.jpeg\" alt=\"\" class=\"wp-image-170\" srcset=\"https:\/\/zora-aurora.com\/wp-content\/uploads\/2023\/03\/IMG_6235-768x1024.jpeg 768w, https:\/\/zora-aurora.com\/wp-content\/uploads\/2023\/03\/IMG_6235-225x300.jpeg 225w, https:\/\/zora-aurora.com\/wp-content\/uploads\/2023\/03\/IMG_6235-1152x1536.jpeg 1152w, https:\/\/zora-aurora.com\/wp-content\/uploads\/2023\/03\/IMG_6235.jpeg 1536w\" sizes=\"auto, (max-width: 768px) 100vw, 768px\" \/><\/figure>\n\n\n\n<h4 class=\"wp-block-heading\" id=\"zemlja\">Zemlja &#8211; Axis mundi<\/h4>\n\n\n\n<p>Obred zemlje bo potekal v obredni podzemni jami, kjer bo potekala meditacija ob glasbeni spremljavi. Obred bo voden kot povezava zunanje zemeljske esence z notranjo zemljo vsakega udele\u017eenca. Pri tem pa bomo preko meditacije vzpostavili stik s svojimi nevidnimi vodniki. Element zemlje je na\u0161e telo, trden in otipljiv temelj na\u0161ega bivanja. Kljub temu je zemlja v nas krhka in ranljiva esenca, ujeta v cikli\u010den ritem nenehnega rojstva in smrti. Z elementom zemlje smo ujeti in povezani v neskon\u010dni krog narave: posledica vseh na\u0161ih prednikov in vir vseh na\u0161ih potomcev. Obred nas globoko pove\u017ee z lastnim telesom in zasidral v njem. Ozavestili bomo predvsem pomen skrbi za telo. Zemljo v sebi bomo ob\u010dutili kot sveti prostor, tempelj na\u0161ega bivanja, ki ga je potrebno zavestno ljubiti in \u010dastiti.<\/p>\n\n\n\n<figure class=\"wp-block-image size-large\"><img loading=\"lazy\" decoding=\"async\" width=\"764\" height=\"1024\" src=\"https:\/\/zora-aurora.com\/wp-content\/uploads\/2023\/03\/IMG_5978-1-764x1024.jpeg\" alt=\"\" class=\"wp-image-179\" srcset=\"https:\/\/zora-aurora.com\/wp-content\/uploads\/2023\/03\/IMG_5978-1-764x1024.jpeg 764w, https:\/\/zora-aurora.com\/wp-content\/uploads\/2023\/03\/IMG_5978-1-224x300.jpeg 224w, https:\/\/zora-aurora.com\/wp-content\/uploads\/2023\/03\/IMG_5978-1-768x1029.jpeg 768w, https:\/\/zora-aurora.com\/wp-content\/uploads\/2023\/03\/IMG_5978-1.jpeg 1125w\" sizes=\"auto, (max-width: 764px) 100vw, 764px\" \/><\/figure>\n\n\n\n<h3 class=\"wp-block-heading\" id=\"vtisi\">Komentarji<\/h3>\n","protected":false},"excerpt":{"rendered":"<p>Ritual prvinske povezave z naravnimi elementi v sebi je edinstven do\u017eivetveni dogodek, ki posamezniku omogo\u010di globoka notranja spoznanja in popolno osebno transformacijo. To stanje se dose\u017ee z uporabo prvinskih terapevtskih obredov, s katerimi se v \u010dloveku aktivirajo vsi \u0161tirje elementi. Preko globokih notranjih do\u017eivetij kopanja v hladni vodi, intenzivnega predihavanja, hoje preko \u017eerjavice in axis [&hellip;]<\/p>\n","protected":false},"author":1,"featured_media":1310,"parent":0,"menu_order":0,"comment_status":"open","ping_status":"closed","template":"","meta":{"om_disable_all_campaigns":false,"wprm-recipe-roundup-name":"","wprm-recipe-roundup-description":"","_monsterinsights_skip_tracking":false,"_monsterinsights_sitenote_active":false,"_monsterinsights_sitenote_note":"","_monsterinsights_sitenote_category":0,"footnotes":""},"class_list":["post-134","page","type-page","status-publish","has-post-thumbnail","hentry"],"_links":{"self":[{"href":"https:\/\/zora-aurora.com\/index.php?rest_route=\/wp\/v2\/pages\/134","targetHints":{"allow":["GET"]}}],"collection":[{"href":"https:\/\/zora-aurora.com\/index.php?rest_route=\/wp\/v2\/pages"}],"about":[{"href":"https:\/\/zora-aurora.com\/index.php?rest_route=\/wp\/v2\/types\/page"}],"author":[{"embeddable":true,"href":"https:\/\/zora-aurora.com\/index.php?rest_route=\/wp\/v2\/users\/1"}],"replies":[{"embeddable":true,"href":"https:\/\/zora-aurora.com\/index.php?rest_route=%2Fwp%2Fv2%2Fcomments&post=134"}],"version-history":[{"count":10,"href":"https:\/\/zora-aurora.com\/index.php?rest_route=\/wp\/v2\/pages\/134\/revisions"}],"predecessor-version":[{"id":1544,"href":"https:\/\/zora-aurora.com\/index.php?rest_route=\/wp\/v2\/pages\/134\/revisions\/1544"}],"wp:featuredmedia":[{"embeddable":true,"href":"https:\/\/zora-aurora.com\/index.php?rest_route=\/wp\/v2\/media\/1310"}],"wp:attachment":[{"href":"https:\/\/zora-aurora.com\/index.php?rest_route=%2Fwp%2Fv2%2Fmedia&parent=134"}],"curies":[{"name":"wp","href":"https:\/\/api.w.org\/{rel}","templated":true}]}}