{"id":1274,"date":"2025-03-17T12:29:36","date_gmt":"2025-03-17T12:29:36","guid":{"rendered":"https:\/\/zora-aurora.com\/?page_id=1274"},"modified":"2025-03-21T10:29:03","modified_gmt":"2025-03-21T10:29:03","slug":"ovseni-piskoti","status":"publish","type":"page","link":"https:\/\/zora-aurora.com\/?page_id=1274","title":{"rendered":"Pi\u0161koti z ovsenimi kosmi\u010di"},"content":{"rendered":"<div id=\"recipe\"><\/div><div id=\"wprm-recipe-container-1276\" class=\"wprm-recipe-container\" data-recipe-id=\"1276\" data-servings=\"0\"><div class=\"wprm-recipe wprm-recipe-template-blend-in\"><div class=\"wprm-container-float-right\">\n    \n<\/div>\n<div class=\"wprm-recipe-template-blend-in-name-stars-container\">\n\t<h2 class=\"wprm-recipe-name wprm-block-text-bold\">Pi\u0161koti z ovsenimi kosmi\u010di<\/h2>\n\t\n<\/div>\n<div class=\"wprm-spacer\" style=\"height: 5px;\"><\/div>\n<a href=\"https:\/\/zora-aurora.com\/?wprm_print=piskoti-z-ovsenimi-kosmici\" style=\"color: #333333;\" class=\"wprm-recipe-print wprm-recipe-link wprm-print-recipe-shortcode wprm-block-text-normal\" data-recipe-id=\"1276\" data-template=\"\" target=\"_blank\" rel=\"nofollow\"><span class=\"wprm-recipe-icon wprm-recipe-print-icon\"><svg width=\"16px\" height=\"16px\" viewBox=\"0 0 24 24\" version=\"1.1\" xmlns=\"http:\/\/www.w3.org\/2000\/svg\" xmlns:xlink=\"http:\/\/www.w3.org\/1999\/xlink\"><g stroke=\"none\" stroke-width=\"1\" fill=\"none\" fill-rule=\"evenodd\"><g fill=\"#333333\"><g><path d=\"M17.5454,0.0005 C18.2904,0.0005 18.9004,0.6105 18.9004,1.3565 L18.9004,1.3565 L18.9004,4.9445 L21.9904,4.9445 C23.0954,4.9445 24.0004,5.8485 24.0004,6.9535 L24.0004,6.9535 L24.0004,17.2415 C24.0004,18.3465 23.0954,19.2505 21.9904,19.2505 L21.9904,19.2505 L19.8414,19.2505 L19.8414,22.2795 C19.8414,23.1725 19.1104,23.9035 18.2174,23.9035 L18.2174,23.9035 L5.7834,23.9035 C4.8894,23.9035 4.1594,23.1725 4.1594,22.2795 L4.1594,22.2795 L4.1594,19.2505 L2.0104,19.2505 C0.9044,19.2505 0.0004,18.3465 0.0004,17.2415 L0.0004,17.2415 L0.0004,6.9535 C0.0004,5.8485 0.9044,4.9445 2.0104,4.9445 L2.0104,4.9445 L5.0984,4.9445 L5.0984,1.3565 C5.0984,0.6105 5.7094,0.0005 6.4554,0.0005 L6.4554,0.0005 Z M17.8414,15.5975 L6.1594,15.5975 L6.1594,21.9035 L17.8414,21.9035 L17.8414,15.5975 Z M21.9904,6.9445 L2.0104,6.9445 L2.0004,17.2415 L4.1594,17.2425 L4.1594,15.2215 C4.1594,14.3285 4.8894,13.5975 5.7834,13.5975 L5.7834,13.5975 L18.2174,13.5975 C19.1104,13.5975 19.8414,14.3285 19.8414,15.2215 L19.8414,15.2215 L19.8414,17.2495 L21.9904,17.2505 L22.0004,6.9535 L21.9904,6.9445 Z M6.1632,9.1318 C6.7902,9.1318 7.2992,9.6408 7.2992,10.2678 C7.2992,10.8948 6.7902,11.4028 6.1632,11.4028 L6.1632,11.4028 L5.0992,11.4028 C4.4722,11.4028 3.9632,10.8948 3.9632,10.2678 C3.9632,9.6408 4.4722,9.1318 5.0992,9.1318 L5.0992,9.1318 Z M16.6304,2.2715 L7.3704,2.2715 L7.3704,4.6845 L16.6304,4.6845 L16.6304,2.2715 Z\"><\/path><\/g><\/g><\/g><\/svg><\/span> Print Recipe<\/a> \n<div class=\"wprm-spacer\"><\/div>\n<div class=\"wprm-recipe-summary wprm-block-text-normal\"><span style=\"display: block;\">Slastni brezglutenski pi\u0161koti, ki bodo hitro izginili.<\/span><\/div>\n<div class=\"wprm-spacer\"><\/div>\n<div class=\"wprm-recipe-meta-container wprm-recipe-tags-container wprm-recipe-details-container wprm-recipe-details-container-inline wprm-block-text-normal\" style=\"\"><div class=\"wprm-recipe-block-container wprm-recipe-block-container-inline wprm-block-text-normal wprm-recipe-tag-container wprm-recipe-course-container\" style=\"\"><span class=\"wprm-recipe-details-label wprm-block-text-bold wprm-recipe-tag-label wprm-recipe-course-label\">Course <\/span><span class=\"wprm-recipe-course wprm-block-text-normal\">Dessert<\/span><\/div><\/div>\n<div class=\"wprm-recipe-meta-container wprm-recipe-times-container wprm-recipe-details-container wprm-recipe-details-container-inline wprm-block-text-normal\" style=\"\"><div class=\"wprm-recipe-block-container wprm-recipe-block-container-inline wprm-block-text-normal wprm-recipe-time-container wprm-recipe-prep-time-container\" style=\"\"><span class=\"wprm-recipe-details-label wprm-block-text-bold wprm-recipe-time-label wprm-recipe-prep-time-label\">Prep Time <\/span><span class=\"wprm-recipe-time wprm-block-text-normal\"><span class=\"wprm-recipe-details wprm-recipe-details-minutes wprm-recipe-prep_time wprm-recipe-prep_time-minutes\">20<span class=\"sr-only screen-reader-text wprm-screen-reader-text\"> minutes<\/span><\/span> <span class=\"wprm-recipe-details-unit wprm-recipe-details-minutes wprm-recipe-prep_time-unit wprm-recipe-prep_timeunit-minutes\" aria-hidden=\"true\">mins<\/span><\/span><\/div><div class=\"wprm-recipe-block-container wprm-recipe-block-container-inline wprm-block-text-normal wprm-recipe-time-container wprm-recipe-cook-time-container\" style=\"\"><span class=\"wprm-recipe-details-label wprm-block-text-bold wprm-recipe-time-label wprm-recipe-cook-time-label\">Cook Time <\/span><span class=\"wprm-recipe-time wprm-block-text-normal\"><span class=\"wprm-recipe-details wprm-recipe-details-minutes wprm-recipe-cook_time wprm-recipe-cook_time-minutes\">15<span class=\"sr-only screen-reader-text wprm-screen-reader-text\"> minutes<\/span><\/span> <span class=\"wprm-recipe-details-unit wprm-recipe-details-minutes wprm-recipe-cook_time-unit wprm-recipe-cook_timeunit-minutes\" aria-hidden=\"true\">mins<\/span><\/span><\/div><\/div>\n\n<div class=\"wprm-spacer\"><\/div>\n\n<div id=\"recipe-1276-ingredients\" class=\"wprm-recipe-ingredients-container wprm-recipe-1276-ingredients-container wprm-block-text-normal wprm-ingredient-style-regular wprm-recipe-images-before\" data-recipe=\"1276\" data-servings=\"0\"><h3 class=\"wprm-recipe-header wprm-recipe-ingredients-header wprm-block-text-bold wprm-align-left wprm-header-decoration-none\" style=\"\">Ingredients<\/h3><div class=\"wprm-recipe-ingredient-group\"><h4 class=\"wprm-recipe-group-name wprm-recipe-ingredient-group-name wprm-block-text-bold\">Suhe sestavine<\/h4><ul class=\"wprm-recipe-ingredients\"><li class=\"wprm-recipe-ingredient\" style=\"list-style-type: disc;\" data-uid=\"0\"><span class=\"wprm-recipe-ingredient-amount\">90<\/span>&#32;<span class=\"wprm-recipe-ingredient-unit\">g<\/span>&#32;<span class=\"wprm-recipe-ingredient-name\">ovseni kosmi\u010di<\/span><\/li><li class=\"wprm-recipe-ingredient\" style=\"list-style-type: disc;\" data-uid=\"1\"><span class=\"wprm-recipe-ingredient-amount\">20<\/span>&#32;<span class=\"wprm-recipe-ingredient-unit\">g<\/span>&#32;<span class=\"wprm-recipe-ingredient-name\">mleti ore\u0161\u010dki<\/span>&#32;<span class=\"wprm-recipe-ingredient-notes wprm-recipe-ingredient-notes-faded\">mandlji, orehi, le\u0161niki&#8230;<\/span><\/li><li class=\"wprm-recipe-ingredient\" style=\"list-style-type: disc;\" data-uid=\"2\"><span class=\"wprm-recipe-ingredient-amount\">25<\/span>&#32;<span class=\"wprm-recipe-ingredient-unit\">g<\/span>&#32;<span class=\"wprm-recipe-ingredient-name\">kokosova moka<\/span>&#32;<span class=\"wprm-recipe-ingredient-notes wprm-recipe-ingredient-notes-faded\">fina ali ribana<\/span><\/li><li class=\"wprm-recipe-ingredient\" style=\"list-style-type: disc;\" data-uid=\"3\"><span class=\"wprm-recipe-ingredient-amount\">60<\/span>&#32;<span class=\"wprm-recipe-ingredient-unit\">g<\/span>&#32;<span class=\"wprm-recipe-ingredient-name\">moka<\/span>&#32;<span class=\"wprm-recipe-ingredient-notes wprm-recipe-ingredient-notes-faded\">ovsena, ajdova, poljubna&#8230;<\/span><\/li><li class=\"wprm-recipe-ingredient\" style=\"list-style-type: disc;\" data-uid=\"5\"><span class=\"wprm-recipe-ingredient-amount\">0,5<\/span>&#32;<span class=\"wprm-recipe-ingredient-unit\">\u017eli\u010dka<\/span>&#32;<span class=\"wprm-recipe-ingredient-name\">soda bikarbona<\/span><\/li><li class=\"wprm-recipe-ingredient\" style=\"list-style-type: disc;\" data-uid=\"6\"><span class=\"wprm-recipe-ingredient-amount\">0,5<\/span>&#32;<span class=\"wprm-recipe-ingredient-unit\">\u017eli\u010dka<\/span>&#32;<span class=\"wprm-recipe-ingredient-name\">za\u010dimbe<\/span>&#32;<span class=\"wprm-recipe-ingredient-notes wprm-recipe-ingredient-notes-faded\">cimet, za\u010dimbe za medenjake&#8230;<\/span><\/li><li class=\"wprm-recipe-ingredient\" style=\"list-style-type: disc;\" data-uid=\"7\"><span class=\"wprm-recipe-ingredient-amount\">1<\/span>&#32;<span class=\"wprm-recipe-ingredient-unit\">no\u017eeva konica<\/span>&#32;<span class=\"wprm-recipe-ingredient-name\">mu\u0161katni ore\u0161\u010dek<\/span><\/li><li class=\"wprm-recipe-ingredient\" style=\"list-style-type: disc;\" data-uid=\"13\"><span class=\"wprm-recipe-ingredient-amount\">60<\/span>&#32;<span class=\"wprm-recipe-ingredient-unit\">g<\/span>&#32;<span class=\"wprm-recipe-ingredient-name\">\u010dokoladne kapljice<\/span><\/li><li class=\"wprm-recipe-ingredient\" style=\"list-style-type: disc;\" data-uid=\"14\"><span class=\"wprm-recipe-ingredient-amount\">20<\/span>&#32;<span class=\"wprm-recipe-ingredient-unit\">g<\/span>&#32;<span class=\"wprm-recipe-ingredient-name\">suho sadnje<\/span>&#32;<span class=\"wprm-recipe-ingredient-notes wprm-recipe-ingredient-notes-faded\">brusnice, rozine, ipd.<\/span><\/li><li class=\"wprm-recipe-ingredient\" style=\"list-style-type: disc;\" data-uid=\"15\"><span class=\"wprm-recipe-ingredient-amount\">1<\/span>&#32;<span class=\"wprm-recipe-ingredient-unit\">\u0161\u010depec<\/span>&#32;<span class=\"wprm-recipe-ingredient-name\">sol<\/span><\/li><\/ul><\/div><div class=\"wprm-recipe-ingredient-group\"><h4 class=\"wprm-recipe-group-name wprm-recipe-ingredient-group-name wprm-block-text-bold\">Mokre sestavine<\/h4><ul class=\"wprm-recipe-ingredients\"><li class=\"wprm-recipe-ingredient\" style=\"list-style-type: disc;\" data-uid=\"9\"><span class=\"wprm-recipe-ingredient-amount\">75<\/span>&#32;<span class=\"wprm-recipe-ingredient-unit\">g<\/span>&#32;<span class=\"wprm-recipe-ingredient-name\">ma\u0161\u010doba<\/span>&#32;<span class=\"wprm-recipe-ingredient-notes wprm-recipe-ingredient-notes-faded\">kokosova, ipd.<\/span><\/li><li class=\"wprm-recipe-ingredient\" style=\"list-style-type: disc;\" data-uid=\"10\"><span class=\"wprm-recipe-ingredient-amount\">50<\/span>&#32;<span class=\"wprm-recipe-ingredient-unit\">g<\/span>&#32;<span class=\"wprm-recipe-ingredient-name\">sladkor<\/span>&#32;<span class=\"wprm-recipe-ingredient-notes wprm-recipe-ingredient-notes-faded\">kokosov, ipd.<\/span><\/li><li class=\"wprm-recipe-ingredient\" style=\"list-style-type: disc;\" data-uid=\"11\"><span class=\"wprm-recipe-ingredient-amount\">1<\/span>&#32;<span class=\"wprm-recipe-ingredient-unit\">komad<\/span>&#32;<span class=\"wprm-recipe-ingredient-name\">jajce<\/span><\/li><li class=\"wprm-recipe-ingredient\" style=\"list-style-type: disc;\" data-uid=\"12\"><span class=\"wprm-recipe-ingredient-amount\">1<\/span>&#32;<span class=\"wprm-recipe-ingredient-unit\">\u017eli\u010dka<\/span>&#32;<span class=\"wprm-recipe-ingredient-name\">vanilija<\/span><\/li><\/ul><\/div><\/div>\n<div id=\"recipe-1276-instructions\" class=\"wprm-recipe-instructions-container wprm-recipe-1276-instructions-container wprm-block-text-normal\" data-recipe=\"1276\"><h3 class=\"wprm-recipe-header wprm-recipe-instructions-header wprm-block-text-bold wprm-align-left wprm-header-decoration-none\" style=\"\">Instructions<\/h3><div class=\"wprm-recipe-instruction-group\"><ul class=\"wprm-recipe-instructions\"><li id=\"wprm-recipe-1276-step-0-0\" class=\"wprm-recipe-instruction\" style=\"list-style-type: decimal;\"><div class=\"wprm-recipe-instruction-text\" style=\"margin-bottom: 5px;\"><span style=\"display: block;\">Posebej zme\u0161amo suhe in posebej mokre sestavine, nato pa vse skupaj. \u010ce je masa presuha, dodamo malenkost teko\u010dine.<\/span><\/div><\/li><li id=\"wprm-recipe-1276-step-0-1\" class=\"wprm-recipe-instruction\" style=\"list-style-type: decimal;\"><div class=\"wprm-recipe-instruction-text\" style=\"margin-bottom: 5px;\"><span style=\"display: block;\">Maso oblikujemo v kepice in razporedimo po peka\u010du oblo\u017eenem s peki papirjem ali v model\u010dke.<\/span><\/div><\/li><li id=\"wprm-recipe-1276-step-0-2\" class=\"wprm-recipe-instruction\" style=\"list-style-type: decimal;\"><div class=\"wprm-recipe-instruction-text\" style=\"margin-bottom: 5px;\"><span style=\"display: block;\">Pe\u010demo pribli\u017eno 15 minut na 180 stopinj.<\/span><\/div><\/li><\/ul><\/div><\/div>\n<div id=\"recipe-video\"><\/div>\n\n<\/div><\/div>","protected":false},"excerpt":{"rendered":"","protected":false},"author":1,"featured_media":0,"parent":0,"menu_order":0,"comment_status":"closed","ping_status":"closed","template":"","meta":{"om_disable_all_campaigns":false,"wprm-recipe-roundup-name":"","wprm-recipe-roundup-description":"","_monsterinsights_skip_tracking":false,"_monsterinsights_sitenote_active":false,"_monsterinsights_sitenote_note":"","_monsterinsights_sitenote_category":0,"footnotes":""},"class_list":["post-1274","page","type-page","status-publish","hentry"],"_links":{"self":[{"href":"https:\/\/zora-aurora.com\/index.php?rest_route=\/wp\/v2\/pages\/1274","targetHints":{"allow":["GET"]}}],"collection":[{"href":"https:\/\/zora-aurora.com\/index.php?rest_route=\/wp\/v2\/pages"}],"about":[{"href":"https:\/\/zora-aurora.com\/index.php?rest_route=\/wp\/v2\/types\/page"}],"author":[{"embeddable":true,"href":"https:\/\/zora-aurora.com\/index.php?rest_route=\/wp\/v2\/users\/1"}],"replies":[{"embeddable":true,"href":"https:\/\/zora-aurora.com\/index.php?rest_route=%2Fwp%2Fv2%2Fcomments&post=1274"}],"version-history":[{"count":5,"href":"https:\/\/zora-aurora.com\/index.php?rest_route=\/wp\/v2\/pages\/1274\/revisions"}],"predecessor-version":[{"id":1353,"href":"https:\/\/zora-aurora.com\/index.php?rest_route=\/wp\/v2\/pages\/1274\/revisions\/1353"}],"wp:attachment":[{"href":"https:\/\/zora-aurora.com\/index.php?rest_route=%2Fwp%2Fv2%2Fmedia&parent=1274"}],"curies":[{"name":"wp","href":"https:\/\/api.w.org\/{rel}","templated":true}]}}