{"id":1122,"date":"2025-02-04T12:03:25","date_gmt":"2025-02-04T12:03:25","guid":{"rendered":"https:\/\/zora-aurora.com\/?page_id=1122"},"modified":"2025-09-18T13:15:40","modified_gmt":"2025-09-18T13:15:40","slug":"krog-carodejk","status":"publish","type":"page","link":"https:\/\/zora-aurora.com\/?page_id=1122","title":{"rendered":"Krog \u010darodejk"},"content":{"rendered":"\n<p>Drage \u010darodejke, sve\u010denice, babe, veste in predvsem ljubiteljice narave in globokih misli,<\/p>\n\n\n\n<p>\u017ee nekaj \u010dasa nazaj sem posejala zrno Kroga \u010darodejk z namenom ustanovitve periodi\u010dnih sre\u010danj \u017eensk, ki vam je blizu arhetip \u010darodejke\/dobre vile\/\u010darovnice in \u010dutite mo\u010dno povezavo z naravo, \u010daranjem, misti\u010dnim, ezoteriko, duhovnim&#8230; ter bi si \u017eelele ve\u010d \u010dasa posvetiti \u010darovni\u0161ki praksi.<\/p>\n\n\n\n<p>Krog \u010darodejk je skupinska delavnica, namenjeno \u017eenskam vseh starosti, ki bi si \u017eelele nameniti eno soboto v mesecu zase in za izra\u017eanje svoje notranje \u010darodejke.<\/p>\n\n\n\n<p><strong>Kaj vse se bo dogajalo na Krogu \u010darodejk?<\/strong><\/p>\n\n\n\n<p>Na kratko:<\/p>\n\n\n\n<ul class=\"wp-block-list\">\n<li>Izvajanje \u010darovni\u0161ke prakse,<\/li>\n\n\n\n<li>spoznavanje novih \u010darobno-misti\u010dnih znanj,<\/li>\n\n\n\n<li>resni\u010dno u\u017eivanje v naravi,<\/li>\n\n\n\n<li>spoznavanje u\u017eitnih rastlin in njihove uporaba v prehrani in \u010daranju,<\/li>\n\n\n\n<li>izra\u017eanje ustvarjalnosti preko izdelave \u010darobnih predmetov,<\/li>\n\n\n\n<li>sprostitev in obujanje notranjega otroka,<\/li>\n\n\n\n<li>kuhanje \u010darobnega \u017evarka v kotlu,<\/li>\n\n\n\n<li>raziskovanje in razpravljanje o \u010darobno-misti\u010dnih znanjih in tematiki&#8230;<\/li>\n<\/ul>\n\n\n\n<figure class=\"wp-block-image size-large\"><img loading=\"lazy\" decoding=\"async\" width=\"832\" height=\"1024\" src=\"https:\/\/zora-aurora.com\/wp-content\/uploads\/2025\/04\/metle-832x1024.jpg\" alt=\"\" class=\"wp-image-1375\" srcset=\"https:\/\/zora-aurora.com\/wp-content\/uploads\/2025\/04\/metle-832x1024.jpg 832w, https:\/\/zora-aurora.com\/wp-content\/uploads\/2025\/04\/metle-244x300.jpg 244w, https:\/\/zora-aurora.com\/wp-content\/uploads\/2025\/04\/metle-768x945.jpg 768w, https:\/\/zora-aurora.com\/wp-content\/uploads\/2025\/04\/metle-1248x1536.jpg 1248w, https:\/\/zora-aurora.com\/wp-content\/uploads\/2025\/04\/metle-1664x2048.jpg 1664w\" sizes=\"auto, (max-width: 832px) 100vw, 832px\" \/><\/figure>\n\n\n\n<p><strong>\u010carobnost in misti\u010dnost<\/strong><br>Krog \u010darodejk je namenjen predvsem poznavalkam duhovnih, \u010darovni\u0161kih, misti\u010dnih tematik, ki bi \u017eelele svoje znanje poglobiti, raz\u0161iriti, deliti z drugimi, predvsem pa ga uporabljati tudi v praksi. \u010ce se nima\u0161 za veliko poznavalko, ima\u0161 pa mo\u010dno \u017eeljo, naj te to ne ustavi in se nam pridru\u017ei \ud83d\ude42<br>Pogledale bomo v koncept \u010daranja in se spoznale z uporabo \u010darov pri vsakodnevnih \u201czemeljskih\u201d opravilih od kuhanja, \u010di\u0161\u010denja, pospravljanja, skrbi za svoje telo in mladost\u2026 S kreativnimi \u010dari bomo izdelovale magi\u010dne predmete. V kasnej\u0161ih delavnicah se bomo ukvarjale tudi s telepatijo, telekinezo in drugimi vi\u0161jimi \u010dari. V vsakem primeru pa se bo tematika prilagajala \u017eeljam skupine.<br>Vsako mese\u010dno sre\u010danje bo imelo vnaprej dolo\u010deno tematiko, v katero se bomo poglobile. Za\u017eeljeno je deljenje raznih zornih kotov, saj lahko na ta na\u010din vidimo najbolj realno sliko oz. spoznamo skrite koncepte.<\/p>\n\n\n\n<p><strong>Obrednost<\/strong><br>Na krog pridite v svojih obrednih ali \u010darovni\u0161kih obla\u010dilih. Oble\u010dete se tako, da se po\u010dutite kot mogo\u010dna \u010darodejka. Ne se omejevati! Lahko pridete prej ter se preoble\u010dete in u\u0161timate tik pred krogom. Doma pa pustite vse misli, skrbi, probleme, ki bi vas omejevali. Za vsak primer se bomo pred delavnico \u0161e pre\u010distile \ud83d\ude42<\/p>\n\n\n\n<figure class=\"wp-block-image size-large\"><img loading=\"lazy\" decoding=\"async\" width=\"1024\" height=\"490\" src=\"https:\/\/zora-aurora.com\/wp-content\/uploads\/2025\/04\/Anteja1-1024x490.jpg\" alt=\"\" class=\"wp-image-1373\" srcset=\"https:\/\/zora-aurora.com\/wp-content\/uploads\/2025\/04\/Anteja1-1024x490.jpg 1024w, https:\/\/zora-aurora.com\/wp-content\/uploads\/2025\/04\/Anteja1-300x143.jpg 300w, https:\/\/zora-aurora.com\/wp-content\/uploads\/2025\/04\/Anteja1-768x367.jpg 768w, https:\/\/zora-aurora.com\/wp-content\/uploads\/2025\/04\/Anteja1-1536x734.jpg 1536w, https:\/\/zora-aurora.com\/wp-content\/uploads\/2025\/04\/Anteja1-2048x979.jpg 2048w\" sizes=\"auto, (max-width: 1024px) 100vw, 1024px\" \/><\/figure>\n\n\n\n<p><strong>Etika<\/strong><br>Naj poudarim, da bo na\u0161e \u010daranje vedno skladno najvi\u0161jim dobrim. Kadar bomo imeli opravka z drugimi, bomo spo\u0161tovali dovoljenja in meje, ki so nam postavljene.<\/p>\n\n\n\n<p><strong>Skupnost<\/strong><br>Ideja je, da se izoblikuje karseda stalna skupina, v kateri bomo s\u010dasoma stkale mo\u010dne medsebojne vezi in se med sabo podpirale tudi izven delavnic. Skupinska namera ima veliko mo\u010d in skupaj smo mo\u010dnej\u0161e in zmoremo tudi to, kar se nam zdi, da same ne bi mogle. \u0160tevilo udele\u017eenk je omejeno, ker si \u017eelim, da ima vsaka svoj prostor v skupini in dovolj pozornosti.<\/p>\n\n\n\n<figure class=\"wp-block-image size-large\"><img loading=\"lazy\" decoding=\"async\" width=\"1024\" height=\"768\" src=\"https:\/\/zora-aurora.com\/wp-content\/uploads\/2025\/06\/2025-05-24-14.30.52-1024x768.jpg\" alt=\"\" class=\"wp-image-1453\" srcset=\"https:\/\/zora-aurora.com\/wp-content\/uploads\/2025\/06\/2025-05-24-14.30.52-1024x768.jpg 1024w, https:\/\/zora-aurora.com\/wp-content\/uploads\/2025\/06\/2025-05-24-14.30.52-300x225.jpg 300w, https:\/\/zora-aurora.com\/wp-content\/uploads\/2025\/06\/2025-05-24-14.30.52-768x576.jpg 768w, https:\/\/zora-aurora.com\/wp-content\/uploads\/2025\/06\/2025-05-24-14.30.52-1536x1152.jpg 1536w, https:\/\/zora-aurora.com\/wp-content\/uploads\/2025\/06\/2025-05-24-14.30.52-2048x1536.jpg 2048w, https:\/\/zora-aurora.com\/wp-content\/uploads\/2025\/06\/2025-05-24-14.30.52-500x375.jpg 500w\" sizes=\"auto, (max-width: 1024px) 100vw, 1024px\" \/><\/figure>\n\n\n\n<p><strong>Kulinarika in \u010darobne rastline<\/strong><br>Na ve\u010dini delavnic se bomo spoznale s kak\u0161no novo \u010darobno divjo rastlino, ki jo bomo uporabile v na\u0161ih kreacijah. Posebno pozornost bomo posvetile kuhanju v kotlu. Za kosilo si bomo za\u010darale okusen, hranljiv in predvsem zdrav \u017evarek, ki bo plod na\u0161e intuicije in sestavin, ki nam bodo na razpolago.<\/p>\n\n\n\n<figure class=\"wp-block-image size-large\"><img loading=\"lazy\" decoding=\"async\" width=\"1024\" height=\"768\" src=\"https:\/\/zora-aurora.com\/wp-content\/uploads\/2025\/06\/2025-05-24-16.45.17-1024x768.jpg\" alt=\"\" class=\"wp-image-1456\" srcset=\"https:\/\/zora-aurora.com\/wp-content\/uploads\/2025\/06\/2025-05-24-16.45.17-1024x768.jpg 1024w, https:\/\/zora-aurora.com\/wp-content\/uploads\/2025\/06\/2025-05-24-16.45.17-300x225.jpg 300w, https:\/\/zora-aurora.com\/wp-content\/uploads\/2025\/06\/2025-05-24-16.45.17-768x576.jpg 768w, https:\/\/zora-aurora.com\/wp-content\/uploads\/2025\/06\/2025-05-24-16.45.17-1536x1152.jpg 1536w, https:\/\/zora-aurora.com\/wp-content\/uploads\/2025\/06\/2025-05-24-16.45.17-2048x1536.jpg 2048w, https:\/\/zora-aurora.com\/wp-content\/uploads\/2025\/06\/2025-05-24-16.45.17-500x375.jpg 500w\" sizes=\"auto, (max-width: 1024px) 100vw, 1024px\" \/><\/figure>\n\n\n\n<p><strong>Narava in okolje<\/strong><br>Krog \u010darodejk se bo dogajal v v objemu neokrnjenega \u010darobnega gozda na Dobrovlju. \u017de dolgo me ta gozd, ob katerem tudi \u017eivim, nagovarja, da vanj pripeljem \u0161e druge, ki bi z njim pogovarjale in povezovale. Je namre\u010d zelo zgovoren in \u010de mu dovoli\u0161, te popelje v drugi svet.<br>Na obmo\u010dju tega gozda so se po pripovedih doma\u010dinov \u017ee v preteklosti zbirale \u017dal \u017dene in imele obrede v bli\u017enjih naravnih sveti\u0161\u010dih. \u017dal \u017eene so bile takratne dobre vile ali \u010darodejke, ki so pomagale kmetom do dobrega pridelka. Na nek na\u010din bomo obudile in nadaljevale njiihovo tradicijo.<br>Narava je nasploh en pomembnej\u0161ih delov te delavnice, saj mo\u010dna povezava z okoljem krepi na\u0161e \u010dare.<\/p>\n\n\n\n<figure class=\"wp-block-image size-large\"><img loading=\"lazy\" decoding=\"async\" width=\"1024\" height=\"768\" src=\"https:\/\/zora-aurora.com\/wp-content\/uploads\/2024\/07\/2023-10-29-11.22.11-1024x768.jpg\" alt=\"4 elementi\" class=\"wp-image-844\" srcset=\"https:\/\/zora-aurora.com\/wp-content\/uploads\/2024\/07\/2023-10-29-11.22.11-1024x768.jpg 1024w, https:\/\/zora-aurora.com\/wp-content\/uploads\/2024\/07\/2023-10-29-11.22.11-300x225.jpg 300w, https:\/\/zora-aurora.com\/wp-content\/uploads\/2024\/07\/2023-10-29-11.22.11-768x576.jpg 768w, https:\/\/zora-aurora.com\/wp-content\/uploads\/2024\/07\/2023-10-29-11.22.11-1536x1152.jpg 1536w, https:\/\/zora-aurora.com\/wp-content\/uploads\/2024\/07\/2023-10-29-11.22.11-2048x1536.jpg 2048w\" sizes=\"auto, (max-width: 1024px) 100vw, 1024px\" \/><\/figure>\n\n\n\n<p>Tiste, ki vas je napisano pritegnilo, vas vabim, da se nam pridru\u017eite v soboto na drugem krogu \u010darodejk.<\/p>\n\n\n\n<p><strong>Kdaj:<\/strong> 5.10.2025 od 9h do 17h<\/p>\n\n\n\n<p><strong>Kje:<\/strong> kmetija Dobrovc, Dobrovlje pri Mozirju<\/p>\n\n\n\n<p><strong>Prijave:<\/strong> <a href=\"mailto:anteja@zora-aurora.com\">anteja@zora-aurora.com<\/a> (omejeno \u0161t. mest)<\/p>\n\n\n\n<p><strong>Prispevek:<\/strong><br>Energetska izmenjava v vrednosti:<br><s>za nove \u010dlanice prvi\u010d 77 eur<\/s>. Prve mesece za vse 55 eur.<br>za redne \u010dlanice 55 eur.<br>V prispevek je vklju\u010deno vse, kar boste potrebovale na delavnici: hrana, pija\u010da, material za izdelke&#8230; Omejitve pri hrani javite s prijavo.<\/p>\n\n\n\n<p>Dobrodo\u0161le \ud83d\ude42<\/p>\n\n\n\n<p><strong>O meni:<\/strong><\/p>\n\n\n\n<p>Ljubezen do narava, \u017eivali, globokih \u017eivljenjskih vpra\u0161anj in misti\u010dnosti me spremlja \u017ee od zgodnje mladosti. Med tem ko sem svojo zgodnjo mladost pre\u017eivljala v gozdovih, me je \u0161tudij odnesel v tehni\u010dno smer ra\u010dunalni\u0161tva, matematike, informatike&#8230; Ve\u010d let sem pre\u017eivela v tujini na Japonskem, \u0160vedski, Danski, Nem\u010diji. Po eni strani sem bila zadovoljna, po drugi pa sem slutila, da nekaj manjka, nekaj bistvenega&#8230; Leta 2013 se mi je aktivno za\u010del odpirati svet misti\u010dnega, ki sem ga celo \u017eivljenje iskala. Vse se je spremenilo&#8230; \u0161tudij ni bil ve\u010d pomemben, predhodni na\u010drti niso imeli ve\u010d smisla, potrebno je bilo vse izbrisati in ponovno definirati osnove \u017eivljenja. Za\u010dela so se leta intenzivnega dela na sebi, navzven je zgledalo, kot da sem se zabubila. Zaljubila sem se v ko\u0161\u010dek narave, ki ga lahko danes imenujem moj dom na Dobrovljah. Tukaj\u0161nja narava mi je pomagala prizemljiti preobrazbo in ponovno stopiti v svet, zavedno spremenjena.<\/p>\n\n\n\n<div class=\"wp-block-media-text is-stacked-on-mobile is-vertically-aligned-top\"><figure class=\"wp-block-media-text__media\"><img loading=\"lazy\" decoding=\"async\" width=\"683\" height=\"1024\" src=\"https:\/\/zora-aurora.com\/wp-content\/uploads\/2025\/09\/508738536_10239002190778320_4471720117877749905_n-683x1024.jpg\" alt=\"\" class=\"wp-image-1569 size-full\" srcset=\"https:\/\/zora-aurora.com\/wp-content\/uploads\/2025\/09\/508738536_10239002190778320_4471720117877749905_n-683x1024.jpg 683w, https:\/\/zora-aurora.com\/wp-content\/uploads\/2025\/09\/508738536_10239002190778320_4471720117877749905_n-200x300.jpg 200w, https:\/\/zora-aurora.com\/wp-content\/uploads\/2025\/09\/508738536_10239002190778320_4471720117877749905_n-768x1151.jpg 768w, https:\/\/zora-aurora.com\/wp-content\/uploads\/2025\/09\/508738536_10239002190778320_4471720117877749905_n-1025x1536.jpg 1025w, https:\/\/zora-aurora.com\/wp-content\/uploads\/2025\/09\/508738536_10239002190778320_4471720117877749905_n.jpg 1366w\" sizes=\"auto, (max-width: 683px) 100vw, 683px\" \/><\/figure><div class=\"wp-block-media-text__content\">\n<p>Dandanes sprejemam svet povsem druga\u010de, skozi ob\u010dutke, ki so kombinacija vseh \u010dutov. Poleg misticizma se ukvarjam z izdelavo orgonitov in drugih \u010darobnih predmetov, \u010dajnih me\u0161anic, \u010darobno kuharijo in organizacijo ter izpeljavo obredov, dogodkov, delavnic v okviru Skupnosti Zora.<\/p>\n<\/div><\/div>\n\n\n\n<h4 class=\"wp-block-heading\" id=\"koment\">Komentarji<\/h4>\n\n\n<div class=\"wp-block-comments-wpdiscuz is-layout-flow wp-block-wpdiscuz-is-layout-flow\"><div><\/div><\/div>","protected":false},"excerpt":{"rendered":"<p>Drage \u010darodejke, sve\u010denice, babe, veste in predvsem ljubiteljice narave in globokih misli, \u017ee nekaj \u010dasa nazaj sem posejala zrno Kroga \u010darodejk z namenom ustanovitve periodi\u010dnih sre\u010danj \u017eensk, ki vam je blizu arhetip \u010darodejke\/dobre vile\/\u010darovnice in \u010dutite mo\u010dno povezavo z naravo, \u010daranjem, misti\u010dnim, ezoteriko, duhovnim&#8230; ter bi si \u017eelele ve\u010d \u010dasa posvetiti \u010darovni\u0161ki praksi. Krog \u010darodejk [&hellip;]<\/p>\n","protected":false},"author":1,"featured_media":686,"parent":0,"menu_order":0,"comment_status":"open","ping_status":"closed","template":"","meta":{"om_disable_all_campaigns":false,"wprm-recipe-roundup-name":"","wprm-recipe-roundup-description":"","_monsterinsights_skip_tracking":false,"_monsterinsights_sitenote_active":false,"_monsterinsights_sitenote_note":"","_monsterinsights_sitenote_category":0,"footnotes":""},"class_list":["post-1122","page","type-page","status-publish","has-post-thumbnail","hentry"],"_links":{"self":[{"href":"https:\/\/zora-aurora.com\/index.php?rest_route=\/wp\/v2\/pages\/1122","targetHints":{"allow":["GET"]}}],"collection":[{"href":"https:\/\/zora-aurora.com\/index.php?rest_route=\/wp\/v2\/pages"}],"about":[{"href":"https:\/\/zora-aurora.com\/index.php?rest_route=\/wp\/v2\/types\/page"}],"author":[{"embeddable":true,"href":"https:\/\/zora-aurora.com\/index.php?rest_route=\/wp\/v2\/users\/1"}],"replies":[{"embeddable":true,"href":"https:\/\/zora-aurora.com\/index.php?rest_route=%2Fwp%2Fv2%2Fcomments&post=1122"}],"version-history":[{"count":11,"href":"https:\/\/zora-aurora.com\/index.php?rest_route=\/wp\/v2\/pages\/1122\/revisions"}],"predecessor-version":[{"id":1570,"href":"https:\/\/zora-aurora.com\/index.php?rest_route=\/wp\/v2\/pages\/1122\/revisions\/1570"}],"wp:featuredmedia":[{"embeddable":true,"href":"https:\/\/zora-aurora.com\/index.php?rest_route=\/wp\/v2\/media\/686"}],"wp:attachment":[{"href":"https:\/\/zora-aurora.com\/index.php?rest_route=%2Fwp%2Fv2%2Fmedia&parent=1122"}],"curies":[{"name":"wp","href":"https:\/\/api.w.org\/{rel}","templated":true}]}}