{"id":1053,"date":"2024-12-18T07:49:08","date_gmt":"2024-12-18T07:49:08","guid":{"rendered":"https:\/\/zora-aurora.com\/?page_id=1053"},"modified":"2024-12-20T08:36:32","modified_gmt":"2024-12-20T08:36:32","slug":"veganski-segedin","status":"publish","type":"page","link":"https:\/\/zora-aurora.com\/?page_id=1053","title":{"rendered":"Veganski segedin"},"content":{"rendered":"<div id=\"recipe\"><\/div><div id=\"wprm-recipe-container-1056\" class=\"wprm-recipe-container\" data-recipe-id=\"1056\" data-servings=\"8\"><div class=\"wprm-recipe wprm-recipe-template-blend-in\"><div class=\"wprm-container-float-right\">\n    \n<\/div>\n<div class=\"wprm-recipe-template-blend-in-name-stars-container\">\n\t<h2 class=\"wprm-recipe-name wprm-block-text-bold\">Veganski segedin<\/h2>\n\t\n<\/div>\n<div class=\"wprm-spacer\" style=\"height: 5px;\"><\/div>\n<a href=\"https:\/\/zora-aurora.com\/?wprm_print=veganski-segedin\" style=\"color: #333333;\" class=\"wprm-recipe-print wprm-recipe-link wprm-print-recipe-shortcode wprm-block-text-normal\" data-recipe-id=\"1056\" data-template=\"\" target=\"_blank\" rel=\"nofollow\"><span class=\"wprm-recipe-icon wprm-recipe-print-icon\"><svg width=\"16px\" height=\"16px\" viewBox=\"0 0 24 24\" version=\"1.1\" xmlns=\"http:\/\/www.w3.org\/2000\/svg\" xmlns:xlink=\"http:\/\/www.w3.org\/1999\/xlink\"><g stroke=\"none\" stroke-width=\"1\" fill=\"none\" fill-rule=\"evenodd\"><g fill=\"#333333\"><g><path d=\"M17.5454,0.0005 C18.2904,0.0005 18.9004,0.6105 18.9004,1.3565 L18.9004,1.3565 L18.9004,4.9445 L21.9904,4.9445 C23.0954,4.9445 24.0004,5.8485 24.0004,6.9535 L24.0004,6.9535 L24.0004,17.2415 C24.0004,18.3465 23.0954,19.2505 21.9904,19.2505 L21.9904,19.2505 L19.8414,19.2505 L19.8414,22.2795 C19.8414,23.1725 19.1104,23.9035 18.2174,23.9035 L18.2174,23.9035 L5.7834,23.9035 C4.8894,23.9035 4.1594,23.1725 4.1594,22.2795 L4.1594,22.2795 L4.1594,19.2505 L2.0104,19.2505 C0.9044,19.2505 0.0004,18.3465 0.0004,17.2415 L0.0004,17.2415 L0.0004,6.9535 C0.0004,5.8485 0.9044,4.9445 2.0104,4.9445 L2.0104,4.9445 L5.0984,4.9445 L5.0984,1.3565 C5.0984,0.6105 5.7094,0.0005 6.4554,0.0005 L6.4554,0.0005 Z M17.8414,15.5975 L6.1594,15.5975 L6.1594,21.9035 L17.8414,21.9035 L17.8414,15.5975 Z M21.9904,6.9445 L2.0104,6.9445 L2.0004,17.2415 L4.1594,17.2425 L4.1594,15.2215 C4.1594,14.3285 4.8894,13.5975 5.7834,13.5975 L5.7834,13.5975 L18.2174,13.5975 C19.1104,13.5975 19.8414,14.3285 19.8414,15.2215 L19.8414,15.2215 L19.8414,17.2495 L21.9904,17.2505 L22.0004,6.9535 L21.9904,6.9445 Z M6.1632,9.1318 C6.7902,9.1318 7.2992,9.6408 7.2992,10.2678 C7.2992,10.8948 6.7902,11.4028 6.1632,11.4028 L6.1632,11.4028 L5.0992,11.4028 C4.4722,11.4028 3.9632,10.8948 3.9632,10.2678 C3.9632,9.6408 4.4722,9.1318 5.0992,9.1318 L5.0992,9.1318 Z M16.6304,2.2715 L7.3704,2.2715 L7.3704,4.6845 L16.6304,4.6845 L16.6304,2.2715 Z\"><\/path><\/g><\/g><\/g><\/svg><\/span> Print Recipe<\/a> \n<div class=\"wprm-spacer\"><\/div>\n<div class=\"wprm-recipe-summary wprm-block-text-normal\"><span style=\"display: block;\">Tipi\u010den segedin, kot ga poznamo. Le meso je zamenjano s sojinim ali grahovim nadomestkom. Po okusu in izgledu skoraj identi\u010den mesnemu.<\/span><\/div>\n<div class=\"wprm-spacer\"><\/div>\n<div class=\"wprm-recipe-meta-container wprm-recipe-tags-container wprm-recipe-details-container wprm-recipe-details-container-inline wprm-block-text-normal\" style=\"\"><div class=\"wprm-recipe-block-container wprm-recipe-block-container-inline wprm-block-text-normal wprm-recipe-tag-container wprm-recipe-course-container\" style=\"\"><span class=\"wprm-recipe-details-label wprm-block-text-bold wprm-recipe-tag-label wprm-recipe-course-label\">Course <\/span><span class=\"wprm-recipe-course wprm-block-text-normal\">Main Course<\/span><\/div><\/div>\n<div class=\"wprm-recipe-meta-container wprm-recipe-times-container wprm-recipe-details-container wprm-recipe-details-container-inline wprm-block-text-normal\" style=\"\"><div class=\"wprm-recipe-block-container wprm-recipe-block-container-inline wprm-block-text-normal wprm-recipe-time-container wprm-recipe-prep-time-container\" style=\"\"><span class=\"wprm-recipe-details-label wprm-block-text-bold wprm-recipe-time-label wprm-recipe-prep-time-label\">Prep Time <\/span><span class=\"wprm-recipe-time wprm-block-text-normal\"><span class=\"wprm-recipe-details wprm-recipe-details-minutes wprm-recipe-prep_time wprm-recipe-prep_time-minutes\">30<span class=\"sr-only screen-reader-text wprm-screen-reader-text\"> minutes<\/span><\/span> <span class=\"wprm-recipe-details-unit wprm-recipe-details-minutes wprm-recipe-prep_time-unit wprm-recipe-prep_timeunit-minutes\" aria-hidden=\"true\">mins<\/span><\/span><\/div><div class=\"wprm-recipe-block-container wprm-recipe-block-container-inline wprm-block-text-normal wprm-recipe-time-container wprm-recipe-cook-time-container\" style=\"\"><span class=\"wprm-recipe-details-label wprm-block-text-bold wprm-recipe-time-label wprm-recipe-cook-time-label\">Cook Time <\/span><span class=\"wprm-recipe-time wprm-block-text-normal\"><span class=\"wprm-recipe-details wprm-recipe-details-hours wprm-recipe-cook_time wprm-recipe-cook_time-hours\">2<span class=\"sr-only screen-reader-text wprm-screen-reader-text\"> hours<\/span><\/span> <span class=\"wprm-recipe-details-unit wprm-recipe-details-unit-hours wprm-recipe-cook_time-unit wprm-recipe-cook_timeunit-hours\" aria-hidden=\"true\">hrs<\/span><\/span><\/div><\/div>\n<div class=\"wprm-recipe-meta-container wprm-recipe-custom-container wprm-recipe-details-container wprm-recipe-details-container-inline wprm-block-text-normal\" style=\"\"><div class=\"wprm-recipe-block-container wprm-recipe-block-container-inline wprm-block-text-normal wprm-recipe-servings-container\" style=\"\"><span class=\"wprm-recipe-details-label wprm-block-text-bold wprm-recipe-servings-label\">Servings <\/span><span class=\"wprm-recipe-servings wprm-recipe-details wprm-block-text-normal\">8<\/span><\/div><\/div>\n<div class=\"wprm-spacer\"><\/div>\n\n<div id=\"recipe-1056-ingredients\" class=\"wprm-recipe-ingredients-container wprm-recipe-1056-ingredients-container wprm-block-text-normal wprm-ingredient-style-regular wprm-recipe-images-before\" data-recipe=\"1056\" data-servings=\"8\"><h3 class=\"wprm-recipe-header wprm-recipe-ingredients-header wprm-block-text-bold wprm-align-left wprm-header-decoration-none\" style=\"\">Ingredients<\/h3><div class=\"wprm-recipe-ingredient-group\"><ul class=\"wprm-recipe-ingredients\"><li class=\"wprm-recipe-ingredient\" style=\"list-style-type: disc;\" data-uid=\"0\"><span class=\"wprm-recipe-ingredient-amount\">50<\/span>&#32;<span class=\"wprm-recipe-ingredient-unit\">ml<\/span>&#32;<span class=\"wprm-recipe-ingredient-name\">olivno olje<\/span><\/li><li class=\"wprm-recipe-ingredient\" style=\"list-style-type: disc;\" data-uid=\"1\"><span class=\"wprm-recipe-ingredient-amount\">600<\/span>&#32;<span class=\"wprm-recipe-ingredient-unit\">g<\/span>&#32;<span class=\"wprm-recipe-ingredient-name\">\u010debula<\/span>&#32;<span class=\"wprm-recipe-ingredient-notes wprm-recipe-ingredient-notes-faded\">narezana<\/span><\/li><li class=\"wprm-recipe-ingredient\" style=\"list-style-type: disc;\" data-uid=\"2\"><span class=\"wprm-recipe-ingredient-amount\">4<\/span>&#32;<span class=\"wprm-recipe-ingredient-unit\">strok<\/span>&#32;<span class=\"wprm-recipe-ingredient-name\">\u010desen<\/span>&#32;<span class=\"wprm-recipe-ingredient-notes wprm-recipe-ingredient-notes-faded\">razpolovljen po dol\u017eini<\/span><\/li><li class=\"wprm-recipe-ingredient\" style=\"list-style-type: disc;\" data-uid=\"3\"><span class=\"wprm-recipe-ingredient-amount\">750<\/span>&#32;<span class=\"wprm-recipe-ingredient-unit\">g<\/span>&#32;<span class=\"wprm-recipe-ingredient-name\">nadomestek mesa<\/span>&#32;<span class=\"wprm-recipe-ingredient-notes wprm-recipe-ingredient-notes-faded\">recimo Hoferjevo sojino meso v goveji marinadi<\/span><\/li><li class=\"wprm-recipe-ingredient\" style=\"list-style-type: disc;\" data-uid=\"4\"><span class=\"wprm-recipe-ingredient-amount\">2<\/span>&#32;<span class=\"wprm-recipe-ingredient-unit\">\u017elica<\/span>&#32;<span class=\"wprm-recipe-ingredient-name\">paradi\u017enikova mezga<\/span><\/li><li class=\"wprm-recipe-ingredient\" style=\"list-style-type: disc;\" data-uid=\"5\"><span class=\"wprm-recipe-ingredient-amount\">1500<\/span>&#32;<span class=\"wprm-recipe-ingredient-unit\">g<\/span>&#32;<span class=\"wprm-recipe-ingredient-name\">kislo zelje<\/span>&#32;<span class=\"wprm-recipe-ingredient-notes wprm-recipe-ingredient-notes-faded\">predhodno namo\u010deno v vodo in odcejeno<\/span><\/li><li class=\"wprm-recipe-ingredient\" style=\"list-style-type: disc;\" data-uid=\"6\"><span class=\"wprm-recipe-ingredient-amount\">8<\/span>&#32;<span class=\"wprm-recipe-ingredient-unit\">zrn<\/span>&#32;<span class=\"wprm-recipe-ingredient-name\">poper<\/span><\/li><li class=\"wprm-recipe-ingredient\" style=\"list-style-type: disc;\" data-uid=\"7\"><span class=\"wprm-recipe-ingredient-amount\">8<\/span>&#32;<span class=\"wprm-recipe-ingredient-unit\">zrn<\/span>&#32;<span class=\"wprm-recipe-ingredient-name\">brinove jagode<\/span><\/li><li class=\"wprm-recipe-ingredient\" style=\"list-style-type: disc;\" data-uid=\"8\"><span class=\"wprm-recipe-ingredient-amount\">0,5<\/span>&#32;<span class=\"wprm-recipe-ingredient-unit\">\u017elica<\/span>&#32;<span class=\"wprm-recipe-ingredient-name\">kumina<\/span><\/li><li class=\"wprm-recipe-ingredient\" style=\"list-style-type: disc;\" data-uid=\"9\"><span class=\"wprm-recipe-ingredient-amount\">1<\/span>&#32;<span class=\"wprm-recipe-ingredient-unit\">komad<\/span>&#32;<span class=\"wprm-recipe-ingredient-name\">lovorjev list<\/span><\/li><li class=\"wprm-recipe-ingredient\" style=\"list-style-type: disc;\" data-uid=\"10\"><span class=\"wprm-recipe-ingredient-amount\">1<\/span>&#32;<span class=\"wprm-recipe-ingredient-unit\">komad<\/span>&#32;<span class=\"wprm-recipe-ingredient-name\">ve\u010dje jabolko<\/span>&#32;<span class=\"wprm-recipe-ingredient-notes wprm-recipe-ingredient-notes-faded\">olupljeno in narezano na krhlje<\/span><\/li><li class=\"wprm-recipe-ingredient\" style=\"list-style-type: disc;\" data-uid=\"11\"><span class=\"wprm-recipe-ingredient-amount\">1<\/span>&#32;<span class=\"wprm-recipe-ingredient-unit\">dl<\/span>&#32;<span class=\"wprm-recipe-ingredient-name\">belo vino<\/span><\/li><li class=\"wprm-recipe-ingredient\" style=\"list-style-type: disc;\" data-uid=\"12\"><span class=\"wprm-recipe-ingredient-amount\">1<\/span>&#32;<span class=\"wprm-recipe-ingredient-unit\">dl<\/span>&#32;<span class=\"wprm-recipe-ingredient-name\">ju\u0161na osnova<\/span><\/li><li class=\"wprm-recipe-ingredient\" style=\"list-style-type: disc;\" data-uid=\"19\"><span class=\"wprm-recipe-ingredient-amount\">1<\/span>&#32;<span class=\"wprm-recipe-ingredient-unit\">\u017elica<\/span>&#32;<span class=\"wprm-recipe-ingredient-name\">temna sojina omaka<\/span><\/li><\/ul><\/div><div class=\"wprm-recipe-ingredient-group\"><h4 class=\"wprm-recipe-group-name wprm-recipe-ingredient-group-name wprm-block-text-bold\">Naknadno<\/h4><ul class=\"wprm-recipe-ingredients\"><li class=\"wprm-recipe-ingredient\" style=\"list-style-type: disc;\" data-uid=\"15\"><span class=\"wprm-recipe-ingredient-amount\">1<\/span>&#32;<span class=\"wprm-recipe-ingredient-unit\">\u017elica<\/span>&#32;<span class=\"wprm-recipe-ingredient-name\">olje<\/span><\/li><li class=\"wprm-recipe-ingredient\" style=\"list-style-type: disc;\" data-uid=\"16\"><span class=\"wprm-recipe-ingredient-amount\">1<\/span>&#32;<span class=\"wprm-recipe-ingredient-unit\">\u017elica<\/span>&#32;<span class=\"wprm-recipe-ingredient-name\">rde\u010da paprika v prahu<\/span><\/li><li class=\"wprm-recipe-ingredient\" style=\"list-style-type: disc;\" data-uid=\"17\"><span class=\"wprm-recipe-ingredient-amount\">1<\/span>&#32;<span class=\"wprm-recipe-ingredient-unit\">\u017elica<\/span>&#32;<span class=\"wprm-recipe-ingredient-name\">\u0161krob<\/span>&#32;<span class=\"wprm-recipe-ingredient-notes wprm-recipe-ingredient-notes-faded\">jaz uporabim kar aru prah<\/span><\/li><li class=\"wprm-recipe-ingredient\" style=\"list-style-type: disc;\" data-uid=\"18\"><span class=\"wprm-recipe-ingredient-amount\">200<\/span>&#32;<span class=\"wprm-recipe-ingredient-unit\">g<\/span>&#32;<span class=\"wprm-recipe-ingredient-name\">kokosov jogurt<\/span>&#32;<span class=\"wprm-recipe-ingredient-notes wprm-recipe-ingredient-notes-faded\">ali drug nadomestek za kislo smetano<\/span><\/li><\/ul><\/div><\/div>\n<div id=\"recipe-1056-instructions\" class=\"wprm-recipe-instructions-container wprm-recipe-1056-instructions-container wprm-block-text-normal\" data-recipe=\"1056\"><h3 class=\"wprm-recipe-header wprm-recipe-instructions-header wprm-block-text-bold wprm-align-left wprm-header-decoration-none\" style=\"\">Instructions<\/h3><div class=\"wprm-recipe-instruction-group\"><ul class=\"wprm-recipe-instructions\"><li id=\"wprm-recipe-1056-step-0-0\" class=\"wprm-recipe-instruction\" style=\"list-style-type: decimal;\"><div class=\"wprm-recipe-instruction-text\" style=\"margin-bottom: 5px;\"><span style=\"display: block;\">Na olju prepra\u017eimo \u010debulo in lovorjev list. Dodamo \u010desen in nadomestek mesa.<\/span><\/div><\/li><li id=\"wprm-recipe-1056-step-0-1\" class=\"wprm-recipe-instruction\" style=\"list-style-type: decimal;\"><div class=\"wprm-recipe-instruction-text\" style=\"margin-bottom: 5px;\"><span style=\"display: block;\">Dodamo mezgo, zelje poper, kumino in jabolko.<\/span><\/div><\/li><li id=\"wprm-recipe-1056-step-0-2\" class=\"wprm-recipe-instruction\" style=\"list-style-type: decimal;\"><div class=\"wprm-recipe-instruction-text\" style=\"margin-bottom: 5px;\"><span style=\"display: block;\">Po nekaj minut du\u0161enja, zalijemo z vinom in ju\u0161no osnovo ter dodamo vodo, da se sestavine lepo pove\u017eejo, a ne plavajo. Du\u0161imo, da se zelje zmeh\u010da.<\/span><\/div><\/li><li id=\"wprm-recipe-1056-step-0-3\" class=\"wprm-recipe-instruction\" style=\"list-style-type: decimal;\"><div class=\"wprm-recipe-instruction-text\" style=\"margin-bottom: 5px;\"><span style=\"display: block;\">V drugi posodi segrejemo olje, na katerem na hitro popra\u017eimo papriko ter takoj dodamo kokosov jogurt, v katerega smo zme\u0161ali \u0161krob. Me\u0161anico vme\u0161amo med zelje.<\/span><\/div><\/li><li id=\"wprm-recipe-1056-step-0-4\" class=\"wprm-recipe-instruction\" style=\"list-style-type: decimal;\"><div class=\"wprm-recipe-instruction-text\" style=\"margin-bottom: 5px;\"><span style=\"display: block;\">Vremo \u0161e nekaj minut. Po potrebi lahko \u0161e solimo.<\/span><\/div><\/li><\/ul><\/div><\/div>\n<div id=\"recipe-video\"><\/div>\n<div id=\"recipe-1056-notes\" class=\"wprm-recipe-notes-container wprm-block-text-normal\"><h3 class=\"wprm-recipe-header wprm-recipe-notes-header wprm-block-text-bold wprm-align-left wprm-header-decoration-none\" style=\"\">Notes<\/h3><div class=\"wprm-recipe-notes\"><span style=\"display: block;\">Recept prilagojen iz https:\/\/www.kulinarika.net\/recepti\/ostale-jedi\/segedin-golaz\/3387\/<\/span><div class=\"wprm-spacer\"><\/div>\n<span style=\"display: block;\">Segedin zdr\u017ei dolgo v hladilniku in je \u0161e bolj\u0161i v naslednjih dneh.<\/span><div class=\"wprm-spacer\"><\/div>\n<span style=\"display: block;\">Za prilogo postre\u017eemo kuhan krompir ali kruh.<\/span><\/div><\/div>\n<\/div><\/div>\n\n\n<h4 class=\"wp-block-heading\">Komentarji<\/h4>\n\n\n\n<p class=\"\"><\/p>\n","protected":false},"excerpt":{"rendered":"<p>Komentarji<\/p>\n","protected":false},"author":1,"featured_media":0,"parent":0,"menu_order":0,"comment_status":"open","ping_status":"closed","template":"","meta":{"om_disable_all_campaigns":false,"wprm-recipe-roundup-name":"","wprm-recipe-roundup-description":"","_monsterinsights_skip_tracking":false,"_monsterinsights_sitenote_active":false,"_monsterinsights_sitenote_note":"","_monsterinsights_sitenote_category":0,"footnotes":""},"class_list":["post-1053","page","type-page","status-publish","hentry"],"_links":{"self":[{"href":"https:\/\/zora-aurora.com\/index.php?rest_route=\/wp\/v2\/pages\/1053","targetHints":{"allow":["GET"]}}],"collection":[{"href":"https:\/\/zora-aurora.com\/index.php?rest_route=\/wp\/v2\/pages"}],"about":[{"href":"https:\/\/zora-aurora.com\/index.php?rest_route=\/wp\/v2\/types\/page"}],"author":[{"embeddable":true,"href":"https:\/\/zora-aurora.com\/index.php?rest_route=\/wp\/v2\/users\/1"}],"replies":[{"embeddable":true,"href":"https:\/\/zora-aurora.com\/index.php?rest_route=%2Fwp%2Fv2%2Fcomments&post=1053"}],"version-history":[{"count":5,"href":"https:\/\/zora-aurora.com\/index.php?rest_route=\/wp\/v2\/pages\/1053\/revisions"}],"predecessor-version":[{"id":1081,"href":"https:\/\/zora-aurora.com\/index.php?rest_route=\/wp\/v2\/pages\/1053\/revisions\/1081"}],"wp:attachment":[{"href":"https:\/\/zora-aurora.com\/index.php?rest_route=%2Fwp%2Fv2%2Fmedia&parent=1053"}],"curies":[{"name":"wp","href":"https:\/\/api.w.org\/{rel}","templated":true}]}}